{"id":59,"date":"2024-08-21T09:20:08","date_gmt":"2024-08-21T09:20:08","guid":{"rendered":"https:\/\/traumacenterbelgium.be\/pricing-plan\/"},"modified":"2025-04-02T10:31:39","modified_gmt":"2025-04-02T08:31:39","slug":"online","status":"publish","type":"page","link":"https:\/\/traumacenterbelgium.be\/fr\/online\/","title":{"rendered":"R\u00e9servation en ligne"},"content":{"rendered":"<h2 style=\"text-align: center;\">R\u00e9servez votre entretien d'admission ici<\/h2>\n<p style=\"text-align: center;\">Au cours de cette conversation, vous aurez l'occasion de partager votre histoire et nous d\u00e9terminerons ensemble le traitement qui vous convient le mieux. Notre \u00e9quipe de th\u00e9rapeutes exp\u00e9riment\u00e9s vous \u00e9coute attentivement et fait en sorte que vous vous sentiez entendu et compris. L'entretien d'admission constitue la base de votre plan de r\u00e9tablissement personnel, ce qui nous permet de vous fournir des conseils cibl\u00e9s et sur mesure sur la voie du r\u00e9tablissement.<\/p>\n<p style=\"text-align: center;\">\n<script>\n  if (typeof hasAmeliaEntitiesApiCall === 'undefined' && ('' === '' && '' !== '1')) {\n    var hasAmeliaEntitiesApiCall = true;\n  }\n  var ameliaShortcodeData = (typeof ameliaShortcodeData === 'undefined') ? [] : ameliaShortcodeData;\n  ameliaShortcodeData.push(\n    {\n      'hasApiCall': (typeof hasAmeliaEntitiesApiCall !== 'undefined') && hasAmeliaEntitiesApiCall,\n      'trigger': '',\n      'trigger_type': '',\n      'triggered_form': 'sbsNew',\n      'in_dialog': '',\n      'show': '',\n      'counter': '1000',\n      'category': '',\n      'service': '4',\n      'employee': '1',\n      'location': '',\n      'package': ''\n    }\n  );\n\n  var ameliaShortcodeDataTriggered = (typeof ameliaShortcodeDataTriggered === 'undefined') ? [] : ameliaShortcodeDataTriggered;\n  if (ameliaShortcodeData[ameliaShortcodeData.length - 1].trigger !== '') {\n    if (ameliaShortcodeDataTriggered.filter(a => a.counter === ameliaShortcodeData[ameliaShortcodeData.length - 1].counter).length === 0) {\n      ameliaShortcodeDataTriggered.push(ameliaShortcodeData.pop());\n    } else {\n      ameliaShortcodeData.pop()\n    }\n  }\n  if (typeof hasAmeliaEntitiesApiCall !== 'undefined' && hasAmeliaEntitiesApiCall) {\n    hasAmeliaEntitiesApiCall = false;\n  }\n<\/script>\n\n<div\n  id=\"amelia-v2-booking-1000\"\n  class=\"amelia-v2-booking\"\n >\n    <step-form-wrapper><\/step-form-wrapper><\/div>\n<\/p>","protected":false},"excerpt":{"rendered":"<p>R\u00e9servez votre entretien d'admission ici Au cours de cet entretien, vous aurez l'occasion de partager votre histoire et nous d\u00e9terminerons ensemble le traitement qui vous convient le mieux. Notre \u00e9quipe de th\u00e9rapeutes exp\u00e9riment\u00e9s vous \u00e9coute attentivement et s'assure que vous vous sentez entendu et compris. L'entretien d'admission constitue la base de votre plan de r\u00e9tablissement personnel, c'est pourquoi nous [...]<\/p>","protected":false},"author":1,"featured_media":0,"parent":0,"menu_order":0,"comment_status":"closed","ping_status":"closed","template":"elementor_header_footer","meta":{"_monsterinsights_skip_tracking":false,"_monsterinsights_sitenote_active":false,"_monsterinsights_sitenote_note":"","_monsterinsights_sitenote_category":0,"footnotes":""},"class_list":["post-59","page","type-page","status-publish","hentry"],"yoast_head":"<!-- This site is optimized with the Yoast SEO plugin v25.1 - https:\/\/yoast.com\/wordpress\/plugins\/seo\/ -->\n<title>Online boeken - Traumacenter Belgium<\/title>\n<meta name=\"robots\" content=\"noindex, nofollow\" \/>\n<meta property=\"og:locale\" content=\"fr_FR\" \/>\n<meta property=\"og:type\" content=\"article\" \/>\n<meta property=\"og:title\" content=\"Online boeken - Traumacenter Belgium\" \/>\n<meta property=\"og:description\" content=\"Boek hier uw intakegesprek Tijdens dit gesprek krijg je de ruimte om jouw verhaal te delen en bepalen we samen welke behandeling het beste bij je past. Ons team van ervaren therapeuten luistert aandachtig en zorgt ervoor dat je je gehoord en begrepen voelt. Het intakegesprek vormt de basis voor jouw persoonlijke herstelplan, zodat we [&hellip;]\" \/>\n<meta property=\"og:url\" content=\"https:\/\/traumacenterbelgium.be\/fr\/online\/\" \/>\n<meta property=\"og:site_name\" content=\"Traumacenter Belgium\" \/>\n<meta property=\"article:modified_time\" content=\"2025-04-02T08:31:39+00:00\" \/>\n<meta name=\"twitter:card\" content=\"summary_large_image\" \/>\n<meta name=\"twitter:label1\" content=\"Dur\u00e9e de lecture est.\" \/>\n\t<meta name=\"twitter:data1\" content=\"1 minute\" \/>\n<script type=\"application\/ld+json\" class=\"yoast-schema-graph\">{\"@context\":\"https:\/\/schema.org\",\"@graph\":[{\"@type\":\"WebPage\",\"@id\":\"https:\/\/traumacenterbelgium.be\/online\/\",\"url\":\"https:\/\/traumacenterbelgium.be\/online\/\",\"name\":\"Online boeken - Traumacenter Belgium\",\"isPartOf\":{\"@id\":\"https:\/\/traumacenterbelgium.be\/fr\/#website\"},\"datePublished\":\"2024-08-21T09:20:08+00:00\",\"dateModified\":\"2025-04-02T08:31:39+00:00\",\"breadcrumb\":{\"@id\":\"https:\/\/traumacenterbelgium.be\/online\/#breadcrumb\"},\"inLanguage\":\"fr-BE\",\"potentialAction\":[{\"@type\":\"ReadAction\",\"target\":[\"https:\/\/traumacenterbelgium.be\/online\/\"]}]},{\"@type\":\"BreadcrumbList\",\"@id\":\"https:\/\/traumacenterbelgium.be\/online\/#breadcrumb\",\"itemListElement\":[{\"@type\":\"ListItem\",\"position\":1,\"name\":\"Home\",\"item\":\"https:\/\/traumacenterbelgium.be\/\"},{\"@type\":\"ListItem\",\"position\":2,\"name\":\"Online boeken\"}]},{\"@type\":\"WebSite\",\"@id\":\"https:\/\/traumacenterbelgium.be\/fr\/#website\",\"url\":\"https:\/\/traumacenterbelgium.be\/fr\/\",\"name\":\"Traumacenter Belgium\",\"description\":\"Traumacentrum Belgi\u00eb\",\"potentialAction\":[{\"@type\":\"SearchAction\",\"target\":{\"@type\":\"EntryPoint\",\"urlTemplate\":\"https:\/\/traumacenterbelgium.be\/fr\/?s={search_term_string}\"},\"query-input\":{\"@type\":\"PropertyValueSpecification\",\"valueRequired\":true,\"valueName\":\"search_term_string\"}}],\"inLanguage\":\"fr-BE\"}]}<\/script>\n<!-- \/ Yoast SEO plugin. -->","yoast_head_json":{"title":"Online boeken - Traumacenter Belgium","robots":{"index":"noindex","follow":"nofollow"},"og_locale":"fr_FR","og_type":"article","og_title":"Online boeken - Traumacenter Belgium","og_description":"Boek hier uw intakegesprek Tijdens dit gesprek krijg je de ruimte om jouw verhaal te delen en bepalen we samen welke behandeling het beste bij je past. Ons team van ervaren therapeuten luistert aandachtig en zorgt ervoor dat je je gehoord en begrepen voelt. Het intakegesprek vormt de basis voor jouw persoonlijke herstelplan, zodat we [&hellip;]","og_url":"https:\/\/traumacenterbelgium.be\/fr\/online\/","og_site_name":"Traumacenter Belgium","article_modified_time":"2025-04-02T08:31:39+00:00","twitter_card":"summary_large_image","twitter_misc":{"Dur\u00e9e de lecture est.":"1 minute"},"schema":{"@context":"https:\/\/schema.org","@graph":[{"@type":"WebPage","@id":"https:\/\/traumacenterbelgium.be\/online\/","url":"https:\/\/traumacenterbelgium.be\/online\/","name":"Online boeken - Traumacenter Belgium","isPartOf":{"@id":"https:\/\/traumacenterbelgium.be\/fr\/#website"},"datePublished":"2024-08-21T09:20:08+00:00","dateModified":"2025-04-02T08:31:39+00:00","breadcrumb":{"@id":"https:\/\/traumacenterbelgium.be\/online\/#breadcrumb"},"inLanguage":"fr-BE","potentialAction":[{"@type":"ReadAction","target":["https:\/\/traumacenterbelgium.be\/online\/"]}]},{"@type":"BreadcrumbList","@id":"https:\/\/traumacenterbelgium.be\/online\/#breadcrumb","itemListElement":[{"@type":"ListItem","position":1,"name":"Home","item":"https:\/\/traumacenterbelgium.be\/"},{"@type":"ListItem","position":2,"name":"Online boeken"}]},{"@type":"WebSite","@id":"https:\/\/traumacenterbelgium.be\/fr\/#website","url":"https:\/\/traumacenterbelgium.be\/fr\/","name":"Traumacenter Belgium","description":"Traumacentrum Belgi\u00eb","potentialAction":[{"@type":"SearchAction","target":{"@type":"EntryPoint","urlTemplate":"https:\/\/traumacenterbelgium.be\/fr\/?s={search_term_string}"},"query-input":{"@type":"PropertyValueSpecification","valueRequired":true,"valueName":"search_term_string"}}],"inLanguage":"fr-BE"}]}},"_links":{"self":[{"href":"https:\/\/traumacenterbelgium.be\/fr\/wp-json\/wp\/v2\/pages\/59","targetHints":{"allow":["GET"]}}],"collection":[{"href":"https:\/\/traumacenterbelgium.be\/fr\/wp-json\/wp\/v2\/pages"}],"about":[{"href":"https:\/\/traumacenterbelgium.be\/fr\/wp-json\/wp\/v2\/types\/page"}],"author":[{"embeddable":true,"href":"https:\/\/traumacenterbelgium.be\/fr\/wp-json\/wp\/v2\/users\/1"}],"replies":[{"embeddable":true,"href":"https:\/\/traumacenterbelgium.be\/fr\/wp-json\/wp\/v2\/comments?post=59"}],"version-history":[{"count":1,"href":"https:\/\/traumacenterbelgium.be\/fr\/wp-json\/wp\/v2\/pages\/59\/revisions"}],"predecessor-version":[{"id":1440,"href":"https:\/\/traumacenterbelgium.be\/fr\/wp-json\/wp\/v2\/pages\/59\/revisions\/1440"}],"wp:attachment":[{"href":"https:\/\/traumacenterbelgium.be\/fr\/wp-json\/wp\/v2\/media?parent=59"}],"curies":[{"name":"wp","href":"https:\/\/api.w.org\/{rel}","templated":true}]}}