{"id":1282,"date":"2025-02-16T12:14:06","date_gmt":"2025-02-16T11:14:06","guid":{"rendered":"https:\/\/traumacenterbelgium.be\/?page_id=1282"},"modified":"2026-04-23T12:20:56","modified_gmt":"2026-04-23T10:20:56","slug":"over","status":"publish","type":"page","link":"https:\/\/traumacenterbelgium.be\/fr\/over\/","title":{"rendered":"A propos de nous"},"content":{"rendered":"<div data-elementor-type=\"wp-page\" data-elementor-id=\"1282\" class=\"elementor elementor-1282\">\n\t\t\t\t<div class=\"elementor-element elementor-element-6f587649 e-flex e-con-boxed e-con e-parent\" data-id=\"6f587649\" data-element_type=\"container\" data-settings=\"{&quot;background_background&quot;:&quot;classic&quot;}\">\n\t\t\t\t\t<div class=\"e-con-inner\">\n\t\t<div class=\"elementor-element elementor-element-49825bca e-con-full e-flex e-con e-child\" data-id=\"49825bca\" data-element_type=\"container\" data-settings=\"{&quot;animation_mobile&quot;:&quot;fadeInLeft&quot;}\">\n\t\t\t\t<div class=\"elementor-element elementor-element-4922c396 elementor-invisible elementor-widget elementor-widget-heading\" data-id=\"4922c396\" data-element_type=\"widget\" data-settings=\"{&quot;_animation&quot;:&quot;fadeInLeft&quot;}\" data-widget_type=\"heading.default\">\n\t\t\t\t<div class=\"elementor-widget-container\">\n\t\t\t\t\t<h2 class=\"elementor-heading-title elementor-size-default\">Doris D'Hooghe<\/h2>\t\t\t\t<\/div>\n\t\t\t\t<\/div>\n\t\t\t\t<div class=\"elementor-element elementor-element-1cb7a4a elementor-widget elementor-widget-text-editor\" data-id=\"1cb7a4a\" data-element_type=\"widget\" data-widget_type=\"text-editor.default\">\n\t\t\t\t<div class=\"elementor-widget-container\">\n\t\t\t\t\t\t\t\t\t<p>Doris D'Hooghe est psychotraumatologue, th\u00e9rapeute int\u00e9grative pour enfants et praticienne EMDR. Avec plus de 40 ans d'exp\u00e9rience en tant que psychoth\u00e9rapeute et th\u00e9rapeute d'enfants, elle a commenc\u00e9 sa carri\u00e8re en tant qu'infirmi\u00e8re psychiatrique. Elle a suivi diverses formations, dont la Gestalt-th\u00e9rapie, la th\u00e9rapie de groupe, la psychologie transpersonnelle, la th\u00e9rapie int\u00e9grative de l'enfant, la psychotraumatologie et l'EMDR.<\/p><p>Fondatrice du Trauma Centre Belgium (www.traumacentrum.be), elle travaille en cabinet priv\u00e9 depuis 1990 et propose des th\u00e9rapies aux enfants, adolescents, adultes et personnes \u00e2g\u00e9es souffrant de traumatismes complexes.<\/p>\t\t\t\t\t\t\t\t<\/div>\n\t\t\t\t<\/div>\n\t\t\t\t<div class=\"elementor-element elementor-element-bf8690e elementor-widget elementor-widget-button\" data-id=\"bf8690e\" data-element_type=\"widget\" data-widget_type=\"button.default\">\n\t\t\t\t<div class=\"elementor-widget-container\">\n\t\t\t\t\t\t\t\t\t<div class=\"elementor-button-wrapper\">\n\t\t\t\t\t<a class=\"elementor-button elementor-button-link elementor-size-sm\" href=\"\/fr\/doris\/\">\n\t\t\t\t\t\t<span class=\"elementor-button-content-wrapper\">\n\t\t\t\t\t\t\t\t\t<span class=\"elementor-button-text\">LIRE LA SUITE<\/span>\n\t\t\t\t\t<\/span>\n\t\t\t\t\t<\/a>\n\t\t\t\t<\/div>\n\t\t\t\t\t\t\t\t<\/div>\n\t\t\t\t<\/div>\n\t\t\t\t<\/div>\n\t\t<div class=\"elementor-element elementor-element-2e1b7ff5 e-con-full e-flex e-con e-child\" data-id=\"2e1b7ff5\" data-element_type=\"container\" data-settings=\"{&quot;background_background&quot;:&quot;classic&quot;,&quot;animation_mobile&quot;:&quot;fadeInRight&quot;}\">\n\t\t\t\t<div class=\"elementor-element elementor-element-38fd8753 elementor-widget elementor-widget-image\" data-id=\"38fd8753\" data-element_type=\"widget\" data-settings=\"{&quot;_animation&quot;:&quot;none&quot;}\" data-widget_type=\"image.default\">\n\t\t\t\t<div class=\"elementor-widget-container\">\n\t\t\t\t\t\t\t\t\t\t\t\t\t\t\t<img fetchpriority=\"high\" decoding=\"async\" width=\"800\" height=\"800\" src=\"https:\/\/traumacenterbelgium.be\/wp-content\/uploads\/2024\/10\/1_1.png\" class=\"attachment-large size-large wp-image-567\" alt=\"\" srcset=\"https:\/\/traumacenterbelgium.be\/wp-content\/uploads\/2024\/10\/1_1.png 1000w, https:\/\/traumacenterbelgium.be\/wp-content\/uploads\/2024\/10\/1_1-300x300.png 300w, https:\/\/traumacenterbelgium.be\/wp-content\/uploads\/2024\/10\/1_1-100x100.png 100w, https:\/\/traumacenterbelgium.be\/wp-content\/uploads\/2024\/10\/1_1-600x600.png 600w, https:\/\/traumacenterbelgium.be\/wp-content\/uploads\/2024\/10\/1_1-150x150.png 150w, https:\/\/traumacenterbelgium.be\/wp-content\/uploads\/2024\/10\/1_1-768x768.png 768w\" sizes=\"(max-width: 800px) 100vw, 800px\" \/>\t\t\t\t\t\t\t\t\t\t\t\t\t\t\t<\/div>\n\t\t\t\t<\/div>\n\t\t\t\t<\/div>\n\t\t\t\t\t<\/div>\n\t\t\t\t<\/div>\n\t\t<div class=\"elementor-element elementor-element-fd393ff elementor-hidden-desktop elementor-hidden-tablet elementor-hidden-mobile e-flex e-con-boxed e-con e-parent\" data-id=\"fd393ff\" data-element_type=\"container\" data-settings=\"{&quot;background_background&quot;:&quot;classic&quot;}\">\n\t\t\t\t\t<div class=\"e-con-inner\">\n\t\t<div class=\"elementor-element elementor-element-58126ef e-con-full e-flex e-con e-child\" data-id=\"58126ef\" data-element_type=\"container\" data-settings=\"{&quot;background_background&quot;:&quot;classic&quot;,&quot;animation_mobile&quot;:&quot;fadeInRight&quot;}\">\n\t\t\t\t<div class=\"elementor-element elementor-element-e36d112 elementor-widget elementor-widget-image\" data-id=\"e36d112\" data-element_type=\"widget\" data-settings=\"{&quot;_animation&quot;:&quot;none&quot;}\" data-widget_type=\"image.default\">\n\t\t\t\t<div class=\"elementor-widget-container\">\n\t\t\t\t\t\t\t\t\t\t\t\t\t\t\t<img decoding=\"async\" width=\"683\" height=\"609\" src=\"https:\/\/traumacenterbelgium.be\/wp-content\/uploads\/2025\/03\/Screenshot-1450.jpg\" class=\"attachment-large size-large wp-image-1429\" alt=\"\" srcset=\"https:\/\/traumacenterbelgium.be\/wp-content\/uploads\/2025\/03\/Screenshot-1450.jpg 683w, https:\/\/traumacenterbelgium.be\/wp-content\/uploads\/2025\/03\/Screenshot-1450-300x267.jpg 300w, https:\/\/traumacenterbelgium.be\/wp-content\/uploads\/2025\/03\/Screenshot-1450-13x12.jpg 13w, https:\/\/traumacenterbelgium.be\/wp-content\/uploads\/2025\/03\/Screenshot-1450-600x535.jpg 600w\" sizes=\"(max-width: 683px) 100vw, 683px\" \/>\t\t\t\t\t\t\t\t\t\t\t\t\t\t\t<\/div>\n\t\t\t\t<\/div>\n\t\t\t\t<\/div>\n\t\t<div class=\"elementor-element elementor-element-440e9a2 e-con-full e-flex e-con e-child\" data-id=\"440e9a2\" data-element_type=\"container\" data-settings=\"{&quot;animation_mobile&quot;:&quot;fadeInLeft&quot;}\">\n\t\t\t\t<div class=\"elementor-element elementor-element-0b98296 elementor-invisible elementor-widget elementor-widget-heading\" data-id=\"0b98296\" data-element_type=\"widget\" data-settings=\"{&quot;_animation&quot;:&quot;fadeInLeft&quot;}\" data-widget_type=\"heading.default\">\n\t\t\t\t<div class=\"elementor-widget-container\">\n\t\t\t\t\t<h2 class=\"elementor-heading-title elementor-size-default\">Layla Brack<\/h2>\t\t\t\t<\/div>\n\t\t\t\t<\/div>\n\t\t\t\t<div class=\"elementor-element elementor-element-2a0e40c elementor-widget elementor-widget-text-editor\" data-id=\"2a0e40c\" data-element_type=\"widget\" data-widget_type=\"text-editor.default\">\n\t\t\t\t<div class=\"elementor-widget-container\">\n\t\t\t\t\t\t\t\t\t<p>Les premi\u00e8res exp\u00e9riences professionnelles de Layla ont port\u00e9 sur un large \u00e9ventail de publics, notamment des personnes souffrant de troubles \u00e9motionnels et comportementaux, de difficult\u00e9s d'apprentissage, de troubles anxieux, de d\u00e9pression, de troubles du spectre autistique et de stress post-traumatique. Ces exp\u00e9riences ont mis en \u00e9vidence le lien entre les traumatismes et les diff\u00e9rents diagnostics, ce qui a aliment\u00e9 son int\u00e9r\u00eat pour les traumatismes et les troubles li\u00e9s aux traumatismes.<\/p><p>Cet int\u00e9r\u00eat pour les traumatismes et la passion de travailler avec eux l'ont amen\u00e9e au Trauma Centre Belgium en 2018, o\u00f9 elle a commenc\u00e9 sa pratique sous la supervision de Doris D'Hooghe.<\/p>\t\t\t\t\t\t\t\t<\/div>\n\t\t\t\t<\/div>\n\t\t\t\t<div class=\"elementor-element elementor-element-10dae15 elementor-widget elementor-widget-button\" data-id=\"10dae15\" data-element_type=\"widget\" data-widget_type=\"button.default\">\n\t\t\t\t<div class=\"elementor-widget-container\">\n\t\t\t\t\t\t\t\t\t<div class=\"elementor-button-wrapper\">\n\t\t\t\t\t<a class=\"elementor-button elementor-button-link elementor-size-sm\" href=\"\/fr\/layla\/\">\n\t\t\t\t\t\t<span class=\"elementor-button-content-wrapper\">\n\t\t\t\t\t\t\t\t\t<span class=\"elementor-button-text\">LIRE LA SUITE<\/span>\n\t\t\t\t\t<\/span>\n\t\t\t\t\t<\/a>\n\t\t\t\t<\/div>\n\t\t\t\t\t\t\t\t<\/div>\n\t\t\t\t<\/div>\n\t\t\t\t<\/div>\n\t\t\t\t\t<\/div>\n\t\t\t\t<\/div>\n\t\t<div class=\"elementor-element elementor-element-b293860 e-flex e-con-boxed e-con e-parent\" data-id=\"b293860\" data-element_type=\"container\" data-settings=\"{&quot;background_background&quot;:&quot;classic&quot;}\">\n\t\t\t\t\t<div class=\"e-con-inner\">\n\t\t<div class=\"elementor-element elementor-element-1c9c8b3 e-con-full e-flex e-con e-child\" data-id=\"1c9c8b3\" data-element_type=\"container\" data-settings=\"{&quot;animation_mobile&quot;:&quot;fadeInLeft&quot;}\">\n\t\t\t\t<div class=\"elementor-element elementor-element-ba533e2 elementor-invisible elementor-widget elementor-widget-heading\" data-id=\"ba533e2\" data-element_type=\"widget\" data-settings=\"{&quot;_animation&quot;:&quot;fadeInLeft&quot;}\" data-widget_type=\"heading.default\">\n\t\t\t\t<div class=\"elementor-widget-container\">\n\t\t\t\t\t<h2 class=\"elementor-heading-title elementor-size-default\">Dr Jan Depreitere<\/h2>\t\t\t\t<\/div>\n\t\t\t\t<\/div>\n\t\t\t\t<div class=\"elementor-element elementor-element-2c35a4f elementor-widget elementor-widget-button\" data-id=\"2c35a4f\" data-element_type=\"widget\" data-widget_type=\"button.default\">\n\t\t\t\t<div class=\"elementor-widget-container\">\n\t\t\t\t\t\t\t\t\t<div class=\"elementor-button-wrapper\">\n\t\t\t\t\t<a class=\"elementor-button elementor-button-link elementor-size-sm\" href=\"\/fr\/doris\/\">\n\t\t\t\t\t\t<span class=\"elementor-button-content-wrapper\">\n\t\t\t\t\t\t\t\t\t<span class=\"elementor-button-text\">LIRE LA SUITE<\/span>\n\t\t\t\t\t<\/span>\n\t\t\t\t\t<\/a>\n\t\t\t\t<\/div>\n\t\t\t\t\t\t\t\t<\/div>\n\t\t\t\t<\/div>\n\t\t\t\t<div class=\"elementor-element elementor-element-e98b4a9 elementor-widget elementor-widget-text-editor\" data-id=\"e98b4a9\" data-element_type=\"widget\" data-widget_type=\"text-editor.default\">\n\t\t\t\t<div class=\"elementor-widget-container\">\n\t\t\t\t\t\t\t\t\t<p>Psychiatre - Psychoth\u00e9rapeute<\/p><p>Psychotraumatologue<\/p><p>Formateur en pleine conscience<\/p><p>Praticien EMDR<\/p><p>\u00a0<\/p>\t\t\t\t\t\t\t\t<\/div>\n\t\t\t\t<\/div>\n\t\t\t\t<\/div>\n\t\t<div class=\"elementor-element elementor-element-dd3c403 e-con-full e-flex e-con e-child\" data-id=\"dd3c403\" data-element_type=\"container\" data-settings=\"{&quot;background_background&quot;:&quot;classic&quot;,&quot;animation_mobile&quot;:&quot;fadeInRight&quot;}\">\n\t\t\t\t<div class=\"elementor-element elementor-element-ea83fe3 elementor-widget elementor-widget-image\" data-id=\"ea83fe3\" data-element_type=\"widget\" data-settings=\"{&quot;_animation&quot;:&quot;none&quot;}\" data-widget_type=\"image.default\">\n\t\t\t\t<div class=\"elementor-widget-container\">\n\t\t\t\t\t\t\t\t\t\t\t\t\t\t\t<img decoding=\"async\" width=\"800\" height=\"738\" src=\"https:\/\/traumacenterbelgium.be\/wp-content\/uploads\/2025\/12\/jan-dp.png\" class=\"attachment-large size-large wp-image-1635\" alt=\"\" srcset=\"https:\/\/traumacenterbelgium.be\/wp-content\/uploads\/2025\/12\/jan-dp.png 830w, https:\/\/traumacenterbelgium.be\/wp-content\/uploads\/2025\/12\/jan-dp-300x277.png 300w, https:\/\/traumacenterbelgium.be\/wp-content\/uploads\/2025\/12\/jan-dp-768x709.png 768w, https:\/\/traumacenterbelgium.be\/wp-content\/uploads\/2025\/12\/jan-dp-13x12.png 13w, https:\/\/traumacenterbelgium.be\/wp-content\/uploads\/2025\/12\/jan-dp-600x554.png 600w\" sizes=\"(max-width: 800px) 100vw, 800px\" \/>\t\t\t\t\t\t\t\t\t\t\t\t\t\t\t<\/div>\n\t\t\t\t<\/div>\n\t\t\t\t<\/div>\n\t\t\t\t\t<\/div>\n\t\t\t\t<\/div>\n\t\t\t\t<\/div>","protected":false},"excerpt":{"rendered":"<p>Doris D'Hooghe Doris D'Hooghe est psychotraumatologue, th\u00e9rapeute int\u00e9grative pour enfants et praticienne EMDR. Avec plus de 40 ans d'exp\u00e9rience en tant que psychoth\u00e9rapeute et th\u00e9rapeute d'enfants, elle a commenc\u00e9 sa carri\u00e8re en tant qu'infirmi\u00e8re psychiatrique. Elle a suivi diverses formations, dont la Gestalt-th\u00e9rapie, la th\u00e9rapie de groupe, la psychologie transpersonnelle, la th\u00e9rapie int\u00e9grative de l'enfant, la psychotraumatologie et l'EMDR. Fondatrice du Trauma Centrum Belgium (www.traumacentrum.be), elle travaille dans son cabinet priv\u00e9 depuis 1990, [...]<\/p>","protected":false},"author":1,"featured_media":0,"parent":0,"menu_order":0,"comment_status":"closed","ping_status":"closed","template":"elementor_header_footer","meta":{"_monsterinsights_skip_tracking":false,"_monsterinsights_sitenote_active":false,"_monsterinsights_sitenote_note":"","_monsterinsights_sitenote_category":0,"footnotes":""},"class_list":["post-1282","page","type-page","status-publish","hentry"],"yoast_head":"<!-- This site is optimized with the Yoast SEO plugin v25.1 - https:\/\/yoast.com\/wordpress\/plugins\/seo\/ -->\n<title>Over ons - Traumacenter Belgium<\/title>\n<meta name=\"robots\" content=\"index, follow, max-snippet:-1, max-image-preview:large, max-video-preview:-1\" \/>\n<link rel=\"canonical\" href=\"https:\/\/traumacenterbelgium.be\/fr\/over\/\" \/>\n<meta property=\"og:locale\" content=\"fr_FR\" \/>\n<meta property=\"og:type\" content=\"article\" \/>\n<meta property=\"og:title\" content=\"Over ons - Traumacenter Belgium\" \/>\n<meta property=\"og:description\" content=\"Doris D\u2019Hooghe Doris D&#8217;Hooghe is psychotraumatoloog, integratief kindertherapeut en EMDR-practitioner. Met meer dan 40 jaar ervaring als psychotherapeut en kindertherapeut begon ze haar carri\u00e8re als psychiatrisch verpleegkundige. Ze volgde diverse opleidingen, waaronder Gestalttherapie, Groepstherapie, Transpersoonlijke Psychologie, Integratieve Kindertherapie, Psychotraumatologie en EMDR. Als oprichtster van Trauma Centrum Belgi\u00eb (www.traumacentrum.be) werkt ze sinds 1990 in haar priv\u00e9praktijk, [&hellip;]\" \/>\n<meta property=\"og:url\" content=\"https:\/\/traumacenterbelgium.be\/fr\/over\/\" \/>\n<meta property=\"og:site_name\" content=\"Traumacenter Belgium\" \/>\n<meta property=\"article:modified_time\" content=\"2026-04-23T10:20:56+00:00\" \/>\n<meta property=\"og:image\" content=\"https:\/\/traumacenterbelgium.be\/wp-content\/uploads\/2024\/10\/1_1.png\" \/>\n\t<meta property=\"og:image:width\" content=\"1000\" \/>\n\t<meta property=\"og:image:height\" content=\"1000\" \/>\n\t<meta property=\"og:image:type\" content=\"image\/png\" \/>\n<meta name=\"twitter:card\" content=\"summary_large_image\" \/>\n<meta name=\"twitter:label1\" content=\"Dur\u00e9e de lecture est.\" \/>\n\t<meta name=\"twitter:data1\" content=\"2 minutes\" \/>\n<script type=\"application\/ld+json\" class=\"yoast-schema-graph\">{\"@context\":\"https:\/\/schema.org\",\"@graph\":[{\"@type\":\"WebPage\",\"@id\":\"https:\/\/traumacenterbelgium.be\/over\/\",\"url\":\"https:\/\/traumacenterbelgium.be\/over\/\",\"name\":\"Over ons - Traumacenter Belgium\",\"isPartOf\":{\"@id\":\"https:\/\/traumacenterbelgium.be\/fr\/#website\"},\"primaryImageOfPage\":{\"@id\":\"https:\/\/traumacenterbelgium.be\/over\/#primaryimage\"},\"image\":{\"@id\":\"https:\/\/traumacenterbelgium.be\/over\/#primaryimage\"},\"thumbnailUrl\":\"https:\/\/traumacenterbelgium.be\/wp-content\/uploads\/2024\/10\/1_1.png\",\"datePublished\":\"2025-02-16T11:14:06+00:00\",\"dateModified\":\"2026-04-23T10:20:56+00:00\",\"breadcrumb\":{\"@id\":\"https:\/\/traumacenterbelgium.be\/over\/#breadcrumb\"},\"inLanguage\":\"fr-BE\",\"potentialAction\":[{\"@type\":\"ReadAction\",\"target\":[\"https:\/\/traumacenterbelgium.be\/over\/\"]}]},{\"@type\":\"ImageObject\",\"inLanguage\":\"fr-BE\",\"@id\":\"https:\/\/traumacenterbelgium.be\/over\/#primaryimage\",\"url\":\"https:\/\/traumacenterbelgium.be\/wp-content\/uploads\/2024\/10\/1_1.png\",\"contentUrl\":\"https:\/\/traumacenterbelgium.be\/wp-content\/uploads\/2024\/10\/1_1.png\"},{\"@type\":\"BreadcrumbList\",\"@id\":\"https:\/\/traumacenterbelgium.be\/over\/#breadcrumb\",\"itemListElement\":[{\"@type\":\"ListItem\",\"position\":1,\"name\":\"Home\",\"item\":\"https:\/\/traumacenterbelgium.be\/\"},{\"@type\":\"ListItem\",\"position\":2,\"name\":\"Over ons\"}]},{\"@type\":\"WebSite\",\"@id\":\"https:\/\/traumacenterbelgium.be\/fr\/#website\",\"url\":\"https:\/\/traumacenterbelgium.be\/fr\/\",\"name\":\"Traumacenter Belgium\",\"description\":\"Traumacentrum Belgi\u00eb\",\"potentialAction\":[{\"@type\":\"SearchAction\",\"target\":{\"@type\":\"EntryPoint\",\"urlTemplate\":\"https:\/\/traumacenterbelgium.be\/fr\/?s={search_term_string}\"},\"query-input\":{\"@type\":\"PropertyValueSpecification\",\"valueRequired\":true,\"valueName\":\"search_term_string\"}}],\"inLanguage\":\"fr-BE\"}]}<\/script>\n<!-- \/ Yoast SEO plugin. -->","yoast_head_json":{"title":"Over ons - Traumacenter Belgium","robots":{"index":"index","follow":"follow","max-snippet":"max-snippet:-1","max-image-preview":"max-image-preview:large","max-video-preview":"max-video-preview:-1"},"canonical":"https:\/\/traumacenterbelgium.be\/fr\/over\/","og_locale":"fr_FR","og_type":"article","og_title":"Over ons - Traumacenter Belgium","og_description":"Doris D\u2019Hooghe Doris D&#8217;Hooghe is psychotraumatoloog, integratief kindertherapeut en EMDR-practitioner. Met meer dan 40 jaar ervaring als psychotherapeut en kindertherapeut begon ze haar carri\u00e8re als psychiatrisch verpleegkundige. Ze volgde diverse opleidingen, waaronder Gestalttherapie, Groepstherapie, Transpersoonlijke Psychologie, Integratieve Kindertherapie, Psychotraumatologie en EMDR. Als oprichtster van Trauma Centrum Belgi\u00eb (www.traumacentrum.be) werkt ze sinds 1990 in haar priv\u00e9praktijk, [&hellip;]","og_url":"https:\/\/traumacenterbelgium.be\/fr\/over\/","og_site_name":"Traumacenter Belgium","article_modified_time":"2026-04-23T10:20:56+00:00","og_image":[{"width":1000,"height":1000,"url":"https:\/\/traumacenterbelgium.be\/wp-content\/uploads\/2024\/10\/1_1.png","type":"image\/png"}],"twitter_card":"summary_large_image","twitter_misc":{"Dur\u00e9e de lecture est.":"2 minutes"},"schema":{"@context":"https:\/\/schema.org","@graph":[{"@type":"WebPage","@id":"https:\/\/traumacenterbelgium.be\/over\/","url":"https:\/\/traumacenterbelgium.be\/over\/","name":"Over ons - Traumacenter Belgium","isPartOf":{"@id":"https:\/\/traumacenterbelgium.be\/fr\/#website"},"primaryImageOfPage":{"@id":"https:\/\/traumacenterbelgium.be\/over\/#primaryimage"},"image":{"@id":"https:\/\/traumacenterbelgium.be\/over\/#primaryimage"},"thumbnailUrl":"https:\/\/traumacenterbelgium.be\/wp-content\/uploads\/2024\/10\/1_1.png","datePublished":"2025-02-16T11:14:06+00:00","dateModified":"2026-04-23T10:20:56+00:00","breadcrumb":{"@id":"https:\/\/traumacenterbelgium.be\/over\/#breadcrumb"},"inLanguage":"fr-BE","potentialAction":[{"@type":"ReadAction","target":["https:\/\/traumacenterbelgium.be\/over\/"]}]},{"@type":"ImageObject","inLanguage":"fr-BE","@id":"https:\/\/traumacenterbelgium.be\/over\/#primaryimage","url":"https:\/\/traumacenterbelgium.be\/wp-content\/uploads\/2024\/10\/1_1.png","contentUrl":"https:\/\/traumacenterbelgium.be\/wp-content\/uploads\/2024\/10\/1_1.png"},{"@type":"BreadcrumbList","@id":"https:\/\/traumacenterbelgium.be\/over\/#breadcrumb","itemListElement":[{"@type":"ListItem","position":1,"name":"Home","item":"https:\/\/traumacenterbelgium.be\/"},{"@type":"ListItem","position":2,"name":"Over ons"}]},{"@type":"WebSite","@id":"https:\/\/traumacenterbelgium.be\/fr\/#website","url":"https:\/\/traumacenterbelgium.be\/fr\/","name":"Traumacenter Belgium","description":"Traumacentrum Belgi\u00eb","potentialAction":[{"@type":"SearchAction","target":{"@type":"EntryPoint","urlTemplate":"https:\/\/traumacenterbelgium.be\/fr\/?s={search_term_string}"},"query-input":{"@type":"PropertyValueSpecification","valueRequired":true,"valueName":"search_term_string"}}],"inLanguage":"fr-BE"}]}},"_links":{"self":[{"href":"https:\/\/traumacenterbelgium.be\/fr\/wp-json\/wp\/v2\/pages\/1282","targetHints":{"allow":["GET"]}}],"collection":[{"href":"https:\/\/traumacenterbelgium.be\/fr\/wp-json\/wp\/v2\/pages"}],"about":[{"href":"https:\/\/traumacenterbelgium.be\/fr\/wp-json\/wp\/v2\/types\/page"}],"author":[{"embeddable":true,"href":"https:\/\/traumacenterbelgium.be\/fr\/wp-json\/wp\/v2\/users\/1"}],"replies":[{"embeddable":true,"href":"https:\/\/traumacenterbelgium.be\/fr\/wp-json\/wp\/v2\/comments?post=1282"}],"version-history":[{"count":5,"href":"https:\/\/traumacenterbelgium.be\/fr\/wp-json\/wp\/v2\/pages\/1282\/revisions"}],"predecessor-version":[{"id":1869,"href":"https:\/\/traumacenterbelgium.be\/fr\/wp-json\/wp\/v2\/pages\/1282\/revisions\/1869"}],"wp:attachment":[{"href":"https:\/\/traumacenterbelgium.be\/fr\/wp-json\/wp\/v2\/media?parent=1282"}],"curies":[{"name":"wp","href":"https:\/\/api.w.org\/{rel}","templated":true}]}}