{"id":1195,"date":"2025-01-20T09:41:01","date_gmt":"2025-01-20T08:41:01","guid":{"rendered":"https:\/\/traumacenterbelgium.be\/?page_id=1195"},"modified":"2025-01-20T09:42:41","modified_gmt":"2025-01-20T08:42:41","slug":"psychosynthese","status":"publish","type":"page","link":"https:\/\/traumacenterbelgium.be\/fr\/psychosynthese\/","title":{"rendered":"Psychosynth\u00e8se"},"content":{"rendered":"<div data-elementor-type=\"wp-page\" data-elementor-id=\"1195\" class=\"elementor elementor-1195\">\n\t\t\t\t<div class=\"elementor-element elementor-element-6f587649 e-flex e-con-boxed e-con e-parent\" data-id=\"6f587649\" data-element_type=\"container\" data-settings=\"{&quot;background_background&quot;:&quot;classic&quot;}\">\n\t\t\t\t\t<div class=\"e-con-inner\">\n\t\t<div class=\"elementor-element elementor-element-49825bca e-con-full e-flex e-con e-child\" data-id=\"49825bca\" data-element_type=\"container\" data-settings=\"{&quot;animation_mobile&quot;:&quot;fadeInLeft&quot;}\">\n\t\t<div class=\"elementor-element elementor-element-40f123d2 e-flex e-con-boxed elementor-invisible e-con e-child\" data-id=\"40f123d2\" data-element_type=\"container\" data-settings=\"{&quot;animation&quot;:&quot;fadeInRight&quot;}\">\n\t\t\t\t\t<div class=\"e-con-inner\">\n\t\t\t\t<div class=\"elementor-element elementor-element-937d451 elementor-widget__width-initial elementor-widget-divider--view-line elementor-widget elementor-widget-divider\" data-id=\"937d451\" data-element_type=\"widget\" data-widget_type=\"divider.default\">\n\t\t\t\t<div class=\"elementor-widget-container\">\n\t\t\t\t\t\t\t<div class=\"elementor-divider\">\n\t\t\t<span class=\"elementor-divider-separator\">\n\t\t\t\t\t\t<\/span>\n\t\t<\/div>\n\t\t\t\t\t\t<\/div>\n\t\t\t\t<\/div>\n\t\t\t\t<div class=\"elementor-element elementor-element-d601d04 elementor-widget elementor-widget-heading\" data-id=\"d601d04\" data-element_type=\"widget\" data-widget_type=\"heading.default\">\n\t\t\t\t<div class=\"elementor-widget-container\">\n\t\t\t\t\t<h6 class=\"elementor-heading-title elementor-size-default\">Psychosynth\u00e8se<\/h6>\t\t\t\t<\/div>\n\t\t\t\t<\/div>\n\t\t\t\t\t<\/div>\n\t\t\t\t<\/div>\n\t\t\t\t<div class=\"elementor-element elementor-element-1cb7a4a elementor-widget elementor-widget-text-editor\" data-id=\"1cb7a4a\" data-element_type=\"widget\" data-widget_type=\"text-editor.default\">\n\t\t\t\t<div class=\"elementor-widget-container\">\n\t\t\t\t\t\t\t\t\t<p><strong>Qu'est-ce que c'est ?<\/strong><\/p><p>La psychosynth\u00e8se est une psychoth\u00e9rapie transpersonnelle ou spirituelle, issue du monde occidental, du vingti\u00e8me si\u00e8cle.<\/p><p>La psychoth\u00e9rapie transpersonnelle fournit le cadre et les techniques qui permettent \u00e0 la personne concern\u00e9e de suivre un chemin spirituel menant \u00e0 la fois \u00e0 la d\u00e9couverte du sens et de la signification et \u00e0 la connaissance de soi.<\/p><p>La psychosynth\u00e8se part du principe que les \u00eatres humains ont une personnalit\u00e9 et une \u00e2me.<\/p><p>L'id\u00e9e principale \u00e9tait simple : l'accent est mis sur la recherche de l'int\u00e9grit\u00e9 de l'organisme, sur la capacit\u00e9 de l'homme \u00e0 grandir, \u00e0 d\u00e9velopper sa conscience, sa sant\u00e9, son amour et sa joie.<\/p><p>La psychosynth\u00e8se est l'un des rares syst\u00e8mes th\u00e9rapeutiques \u00e0 rechercher en permanence la possibilit\u00e9 d'appliquer ses id\u00e9es dans la pratique quotidienne, et la volont\u00e9 est \u00e9videmment essentielle pour agir vers l'ext\u00e9rieur.<\/p><p>Le d\u00e9veloppement de la conscience, \u00e0 la fois personnelle et collective, est consid\u00e9r\u00e9 comme \u00e9l\u00e9mentaire en Psychosynth\u00e8se.<\/p><p>La psychosynth\u00e8se est une psychoth\u00e9rapie transpersonnelle ou spirituelle, issue du monde occidental, du vingti\u00e8me si\u00e8cle.<\/p>\t\t\t\t\t\t\t\t<\/div>\n\t\t\t\t<\/div>\n\t\t\t\t<\/div>\n\t\t<div class=\"elementor-element elementor-element-2e1b7ff5 e-con-full e-flex e-con e-child\" data-id=\"2e1b7ff5\" data-element_type=\"container\" data-settings=\"{&quot;background_background&quot;:&quot;classic&quot;,&quot;animation_mobile&quot;:&quot;fadeInRight&quot;}\">\n\t\t\t\t<div class=\"elementor-element elementor-element-38fd8753 elementor-widget elementor-widget-image\" data-id=\"38fd8753\" data-element_type=\"widget\" data-settings=\"{&quot;_animation&quot;:&quot;none&quot;}\" data-widget_type=\"image.default\">\n\t\t\t\t<div class=\"elementor-widget-container\">\n\t\t\t\t\t\t\t\t\t\t\t\t\t\t\t<img fetchpriority=\"high\" decoding=\"async\" width=\"800\" height=\"582\" src=\"https:\/\/traumacenterbelgium.be\/wp-content\/uploads\/2024\/08\/014adf11-c80f-498f-adab-ed87ccbc44ce-1024x745.jpg\" class=\"attachment-large size-large wp-image-310\" alt=\"\" srcset=\"https:\/\/traumacenterbelgium.be\/wp-content\/uploads\/2024\/08\/014adf11-c80f-498f-adab-ed87ccbc44ce-1024x745.jpg 1024w, https:\/\/traumacenterbelgium.be\/wp-content\/uploads\/2024\/08\/014adf11-c80f-498f-adab-ed87ccbc44ce-scaled-600x437.jpg 600w, https:\/\/traumacenterbelgium.be\/wp-content\/uploads\/2024\/08\/014adf11-c80f-498f-adab-ed87ccbc44ce-300x218.jpg 300w, https:\/\/traumacenterbelgium.be\/wp-content\/uploads\/2024\/08\/014adf11-c80f-498f-adab-ed87ccbc44ce-768x559.jpg 768w, https:\/\/traumacenterbelgium.be\/wp-content\/uploads\/2024\/08\/014adf11-c80f-498f-adab-ed87ccbc44ce-1536x1118.jpg 1536w, https:\/\/traumacenterbelgium.be\/wp-content\/uploads\/2024\/08\/014adf11-c80f-498f-adab-ed87ccbc44ce-2048x1491.jpg 2048w\" sizes=\"(max-width: 800px) 100vw, 800px\" \/>\t\t\t\t\t\t\t\t\t\t\t\t\t\t\t<\/div>\n\t\t\t\t<\/div>\n\t\t\t\t<\/div>\n\t\t\t\t\t<\/div>\n\t\t\t\t<\/div>\n\t\t\t\t<\/div>","protected":false},"excerpt":{"rendered":"<p>La psychosynth\u00e8se Qu'est-ce que c'est ? La psychosynth\u00e8se est une psychoth\u00e9rapie transpersonnelle ou spirituelle, issue du monde occidental, du vingti\u00e8me si\u00e8cle. Une psychoth\u00e9rapie transpersonnelle fournit le cadre et les techniques \u00e0 l'aide desquels la personne concern\u00e9e peut suivre un chemin spirituel qui m\u00e8ne \u00e0 la fois \u00e0 la d\u00e9couverte du sens et de la signification, et \u00e0 la connaissance de soi [...].<\/p>","protected":false},"author":1,"featured_media":0,"parent":0,"menu_order":0,"comment_status":"closed","ping_status":"closed","template":"elementor_header_footer","meta":{"_monsterinsights_skip_tracking":false,"_monsterinsights_sitenote_active":false,"_monsterinsights_sitenote_note":"","_monsterinsights_sitenote_category":0,"footnotes":""},"class_list":["post-1195","page","type-page","status-publish","hentry"],"yoast_head":"<!-- This site is optimized with the Yoast SEO plugin v25.1 - https:\/\/yoast.com\/wordpress\/plugins\/seo\/ -->\n<title>Psychosynthese - Traumacenter Belgium<\/title>\n<meta name=\"robots\" content=\"index, follow, max-snippet:-1, max-image-preview:large, max-video-preview:-1\" \/>\n<link rel=\"canonical\" href=\"https:\/\/traumacenterbelgium.be\/fr\/psychosynthese\/\" \/>\n<meta property=\"og:locale\" content=\"fr_FR\" \/>\n<meta property=\"og:type\" content=\"article\" \/>\n<meta property=\"og:title\" content=\"Psychosynthese - Traumacenter Belgium\" \/>\n<meta property=\"og:description\" content=\"Psychosynthese Wat is het? Psychosynthese is een transpersoonlijke of spirituele psychotherapie, een product van de Westerse wereld, van de twintigste eeuw. Een transpersoonlijke psychotherapie biedt het kader waarbinnen, en de technieken met de hulp waarvan, de betreffende persoon een spiritueel pad kan volgen, dat zowel naar de ontdekking van zin en betekenis, als naar zelfkennis [&hellip;]\" \/>\n<meta property=\"og:url\" content=\"https:\/\/traumacenterbelgium.be\/fr\/psychosynthese\/\" \/>\n<meta property=\"og:site_name\" content=\"Traumacenter Belgium\" \/>\n<meta property=\"article:modified_time\" content=\"2025-01-20T08:42:41+00:00\" \/>\n<meta property=\"og:image\" content=\"https:\/\/traumacenterbelgium.be\/wp-content\/uploads\/2024\/08\/014adf11-c80f-498f-adab-ed87ccbc44ce-scaled.jpg\" \/>\n\t<meta property=\"og:image:width\" content=\"2560\" \/>\n\t<meta property=\"og:image:height\" content=\"1863\" \/>\n\t<meta property=\"og:image:type\" content=\"image\/jpeg\" \/>\n<meta name=\"twitter:card\" content=\"summary_large_image\" \/>\n<meta name=\"twitter:label1\" content=\"Dur\u00e9e de lecture est.\" \/>\n\t<meta name=\"twitter:data1\" content=\"1 minute\" \/>\n<script type=\"application\/ld+json\" class=\"yoast-schema-graph\">{\"@context\":\"https:\/\/schema.org\",\"@graph\":[{\"@type\":\"WebPage\",\"@id\":\"https:\/\/traumacenterbelgium.be\/psychosynthese\/\",\"url\":\"https:\/\/traumacenterbelgium.be\/psychosynthese\/\",\"name\":\"Psychosynthese - Traumacenter Belgium\",\"isPartOf\":{\"@id\":\"https:\/\/traumacenterbelgium.be\/fr\/#website\"},\"primaryImageOfPage\":{\"@id\":\"https:\/\/traumacenterbelgium.be\/psychosynthese\/#primaryimage\"},\"image\":{\"@id\":\"https:\/\/traumacenterbelgium.be\/psychosynthese\/#primaryimage\"},\"thumbnailUrl\":\"https:\/\/traumacenterbelgium.be\/wp-content\/uploads\/2024\/08\/014adf11-c80f-498f-adab-ed87ccbc44ce-1024x745.jpg\",\"datePublished\":\"2025-01-20T08:41:01+00:00\",\"dateModified\":\"2025-01-20T08:42:41+00:00\",\"breadcrumb\":{\"@id\":\"https:\/\/traumacenterbelgium.be\/psychosynthese\/#breadcrumb\"},\"inLanguage\":\"fr-BE\",\"potentialAction\":[{\"@type\":\"ReadAction\",\"target\":[\"https:\/\/traumacenterbelgium.be\/psychosynthese\/\"]}]},{\"@type\":\"ImageObject\",\"inLanguage\":\"fr-BE\",\"@id\":\"https:\/\/traumacenterbelgium.be\/psychosynthese\/#primaryimage\",\"url\":\"https:\/\/traumacenterbelgium.be\/wp-content\/uploads\/2024\/08\/014adf11-c80f-498f-adab-ed87ccbc44ce-1024x745.jpg\",\"contentUrl\":\"https:\/\/traumacenterbelgium.be\/wp-content\/uploads\/2024\/08\/014adf11-c80f-498f-adab-ed87ccbc44ce-1024x745.jpg\"},{\"@type\":\"BreadcrumbList\",\"@id\":\"https:\/\/traumacenterbelgium.be\/psychosynthese\/#breadcrumb\",\"itemListElement\":[{\"@type\":\"ListItem\",\"position\":1,\"name\":\"Home\",\"item\":\"https:\/\/traumacenterbelgium.be\/\"},{\"@type\":\"ListItem\",\"position\":2,\"name\":\"Psychosynthese\"}]},{\"@type\":\"WebSite\",\"@id\":\"https:\/\/traumacenterbelgium.be\/fr\/#website\",\"url\":\"https:\/\/traumacenterbelgium.be\/fr\/\",\"name\":\"Traumacenter Belgium\",\"description\":\"Traumacentrum Belgi\u00eb\",\"potentialAction\":[{\"@type\":\"SearchAction\",\"target\":{\"@type\":\"EntryPoint\",\"urlTemplate\":\"https:\/\/traumacenterbelgium.be\/fr\/?s={search_term_string}\"},\"query-input\":{\"@type\":\"PropertyValueSpecification\",\"valueRequired\":true,\"valueName\":\"search_term_string\"}}],\"inLanguage\":\"fr-BE\"}]}<\/script>\n<!-- \/ Yoast SEO plugin. -->","yoast_head_json":{"title":"Psychosynthese - Traumacenter Belgium","robots":{"index":"index","follow":"follow","max-snippet":"max-snippet:-1","max-image-preview":"max-image-preview:large","max-video-preview":"max-video-preview:-1"},"canonical":"https:\/\/traumacenterbelgium.be\/fr\/psychosynthese\/","og_locale":"fr_FR","og_type":"article","og_title":"Psychosynthese - Traumacenter Belgium","og_description":"Psychosynthese Wat is het? Psychosynthese is een transpersoonlijke of spirituele psychotherapie, een product van de Westerse wereld, van de twintigste eeuw. Een transpersoonlijke psychotherapie biedt het kader waarbinnen, en de technieken met de hulp waarvan, de betreffende persoon een spiritueel pad kan volgen, dat zowel naar de ontdekking van zin en betekenis, als naar zelfkennis [&hellip;]","og_url":"https:\/\/traumacenterbelgium.be\/fr\/psychosynthese\/","og_site_name":"Traumacenter Belgium","article_modified_time":"2025-01-20T08:42:41+00:00","og_image":[{"width":2560,"height":1863,"url":"https:\/\/traumacenterbelgium.be\/wp-content\/uploads\/2024\/08\/014adf11-c80f-498f-adab-ed87ccbc44ce-scaled.jpg","type":"image\/jpeg"}],"twitter_card":"summary_large_image","twitter_misc":{"Dur\u00e9e de lecture est.":"1 minute"},"schema":{"@context":"https:\/\/schema.org","@graph":[{"@type":"WebPage","@id":"https:\/\/traumacenterbelgium.be\/psychosynthese\/","url":"https:\/\/traumacenterbelgium.be\/psychosynthese\/","name":"Psychosynthese - Traumacenter Belgium","isPartOf":{"@id":"https:\/\/traumacenterbelgium.be\/fr\/#website"},"primaryImageOfPage":{"@id":"https:\/\/traumacenterbelgium.be\/psychosynthese\/#primaryimage"},"image":{"@id":"https:\/\/traumacenterbelgium.be\/psychosynthese\/#primaryimage"},"thumbnailUrl":"https:\/\/traumacenterbelgium.be\/wp-content\/uploads\/2024\/08\/014adf11-c80f-498f-adab-ed87ccbc44ce-1024x745.jpg","datePublished":"2025-01-20T08:41:01+00:00","dateModified":"2025-01-20T08:42:41+00:00","breadcrumb":{"@id":"https:\/\/traumacenterbelgium.be\/psychosynthese\/#breadcrumb"},"inLanguage":"fr-BE","potentialAction":[{"@type":"ReadAction","target":["https:\/\/traumacenterbelgium.be\/psychosynthese\/"]}]},{"@type":"ImageObject","inLanguage":"fr-BE","@id":"https:\/\/traumacenterbelgium.be\/psychosynthese\/#primaryimage","url":"https:\/\/traumacenterbelgium.be\/wp-content\/uploads\/2024\/08\/014adf11-c80f-498f-adab-ed87ccbc44ce-1024x745.jpg","contentUrl":"https:\/\/traumacenterbelgium.be\/wp-content\/uploads\/2024\/08\/014adf11-c80f-498f-adab-ed87ccbc44ce-1024x745.jpg"},{"@type":"BreadcrumbList","@id":"https:\/\/traumacenterbelgium.be\/psychosynthese\/#breadcrumb","itemListElement":[{"@type":"ListItem","position":1,"name":"Home","item":"https:\/\/traumacenterbelgium.be\/"},{"@type":"ListItem","position":2,"name":"Psychosynthese"}]},{"@type":"WebSite","@id":"https:\/\/traumacenterbelgium.be\/fr\/#website","url":"https:\/\/traumacenterbelgium.be\/fr\/","name":"Traumacenter Belgium","description":"Traumacentrum Belgi\u00eb","potentialAction":[{"@type":"SearchAction","target":{"@type":"EntryPoint","urlTemplate":"https:\/\/traumacenterbelgium.be\/fr\/?s={search_term_string}"},"query-input":{"@type":"PropertyValueSpecification","valueRequired":true,"valueName":"search_term_string"}}],"inLanguage":"fr-BE"}]}},"_links":{"self":[{"href":"https:\/\/traumacenterbelgium.be\/fr\/wp-json\/wp\/v2\/pages\/1195","targetHints":{"allow":["GET"]}}],"collection":[{"href":"https:\/\/traumacenterbelgium.be\/fr\/wp-json\/wp\/v2\/pages"}],"about":[{"href":"https:\/\/traumacenterbelgium.be\/fr\/wp-json\/wp\/v2\/types\/page"}],"author":[{"embeddable":true,"href":"https:\/\/traumacenterbelgium.be\/fr\/wp-json\/wp\/v2\/users\/1"}],"replies":[{"embeddable":true,"href":"https:\/\/traumacenterbelgium.be\/fr\/wp-json\/wp\/v2\/comments?post=1195"}],"version-history":[{"count":0,"href":"https:\/\/traumacenterbelgium.be\/fr\/wp-json\/wp\/v2\/pages\/1195\/revisions"}],"wp:attachment":[{"href":"https:\/\/traumacenterbelgium.be\/fr\/wp-json\/wp\/v2\/media?parent=1195"}],"curies":[{"name":"wp","href":"https:\/\/api.w.org\/{rel}","templated":true}]}}