{"id":1100,"date":"2025-01-13T16:20:49","date_gmt":"2025-01-13T15:20:49","guid":{"rendered":"https:\/\/traumacenterbelgium.be\/?page_id=1100"},"modified":"2025-01-24T10:46:46","modified_gmt":"2025-01-24T09:46:46","slug":"supervisie","status":"publish","type":"page","link":"https:\/\/traumacenterbelgium.be\/fr\/supervisie\/","title":{"rendered":"Supervision"},"content":{"rendered":"<div data-elementor-type=\"wp-page\" data-elementor-id=\"1100\" class=\"elementor elementor-1100\">\n\t\t\t\t<div class=\"elementor-element elementor-element-6f587649 e-flex e-con-boxed e-con e-parent\" data-id=\"6f587649\" data-element_type=\"container\" data-settings=\"{&quot;background_background&quot;:&quot;classic&quot;}\">\n\t\t\t\t\t<div class=\"e-con-inner\">\n\t\t<div class=\"elementor-element elementor-element-49825bca e-con-full e-flex e-con e-child\" data-id=\"49825bca\" data-element_type=\"container\" data-settings=\"{&quot;animation_mobile&quot;:&quot;fadeInLeft&quot;}\">\n\t\t<div class=\"elementor-element elementor-element-40f123d2 e-flex e-con-boxed elementor-invisible e-con e-child\" data-id=\"40f123d2\" data-element_type=\"container\" data-settings=\"{&quot;animation&quot;:&quot;fadeInRight&quot;}\">\n\t\t\t\t\t<div class=\"e-con-inner\">\n\t\t\t\t<div class=\"elementor-element elementor-element-937d451 elementor-widget__width-initial elementor-widget-divider--view-line elementor-widget elementor-widget-divider\" data-id=\"937d451\" data-element_type=\"widget\" data-widget_type=\"divider.default\">\n\t\t\t\t<div class=\"elementor-widget-container\">\n\t\t\t\t\t\t\t<div class=\"elementor-divider\">\n\t\t\t<span class=\"elementor-divider-separator\">\n\t\t\t\t\t\t<\/span>\n\t\t<\/div>\n\t\t\t\t\t\t<\/div>\n\t\t\t\t<\/div>\n\t\t\t\t<div class=\"elementor-element elementor-element-d601d04 elementor-widget elementor-widget-heading\" data-id=\"d601d04\" data-element_type=\"widget\" data-widget_type=\"heading.default\">\n\t\t\t\t<div class=\"elementor-widget-container\">\n\t\t\t\t\t<h6 class=\"elementor-heading-title elementor-size-default\">Supervision <\/h6>\t\t\t\t<\/div>\n\t\t\t\t<\/div>\n\t\t\t\t\t<\/div>\n\t\t\t\t<\/div>\n\t\t\t\t<div class=\"elementor-element elementor-element-1cb7a4a elementor-widget elementor-widget-text-editor\" data-id=\"1cb7a4a\" data-element_type=\"widget\" data-widget_type=\"text-editor.default\">\n\t\t\t\t<div class=\"elementor-widget-container\">\n\t\t\t\t\t\t\t\t\t<p>La supervision vise \u00e0 faciliter le d\u00e9veloppement professionnel du supervis\u00e9, quel que soit son niveau d'exp\u00e9rience, en vue d'am\u00e9liorer les r\u00e9sultats de la th\u00e9rapie avec ses clients (Ellis &amp; Landany).<\/p><p>Il existe 6 types de supervision.\u00a0<\/p>\t\t\t\t\t\t\t\t<\/div>\n\t\t\t\t<\/div>\n\t\t\t\t<\/div>\n\t\t<div class=\"elementor-element elementor-element-2e1b7ff5 e-con-full elementor-hidden-tablet elementor-hidden-mobile e-flex e-con e-child\" data-id=\"2e1b7ff5\" data-element_type=\"container\" data-settings=\"{&quot;background_background&quot;:&quot;classic&quot;,&quot;animation_mobile&quot;:&quot;fadeInRight&quot;}\">\n\t\t\t\t<\/div>\n\t\t<div class=\"elementor-element elementor-element-9a454f2 e-con-full e-flex e-con e-child\" data-id=\"9a454f2\" data-element_type=\"container\" data-settings=\"{&quot;background_background&quot;:&quot;classic&quot;,&quot;animation_mobile&quot;:&quot;fadeInRight&quot;}\">\n\t\t\t\t<div class=\"elementor-element elementor-element-e688f71 elementor-widget elementor-widget-image\" data-id=\"e688f71\" data-element_type=\"widget\" data-settings=\"{&quot;_animation&quot;:&quot;none&quot;}\" data-widget_type=\"image.default\">\n\t\t\t\t<div class=\"elementor-widget-container\">\n\t\t\t\t\t\t\t\t\t\t\t\t\t\t\t<img fetchpriority=\"high\" decoding=\"async\" width=\"800\" height=\"559\" src=\"https:\/\/traumacenterbelgium.be\/wp-content\/uploads\/2024\/08\/50f1b54e-da3f-41db-9585-b67a4e336a01_rw_1920-1024x716.jpg\" class=\"attachment-large size-large wp-image-314\" alt=\"\" srcset=\"https:\/\/traumacenterbelgium.be\/wp-content\/uploads\/2024\/08\/50f1b54e-da3f-41db-9585-b67a4e336a01_rw_1920-1024x716.jpg 1024w, https:\/\/traumacenterbelgium.be\/wp-content\/uploads\/2024\/08\/50f1b54e-da3f-41db-9585-b67a4e336a01_rw_1920-600x419.jpg 600w, https:\/\/traumacenterbelgium.be\/wp-content\/uploads\/2024\/08\/50f1b54e-da3f-41db-9585-b67a4e336a01_rw_1920-300x210.jpg 300w, https:\/\/traumacenterbelgium.be\/wp-content\/uploads\/2024\/08\/50f1b54e-da3f-41db-9585-b67a4e336a01_rw_1920-768x537.jpg 768w, https:\/\/traumacenterbelgium.be\/wp-content\/uploads\/2024\/08\/50f1b54e-da3f-41db-9585-b67a4e336a01_rw_1920-1536x1074.jpg 1536w, https:\/\/traumacenterbelgium.be\/wp-content\/uploads\/2024\/08\/50f1b54e-da3f-41db-9585-b67a4e336a01_rw_1920.jpg 1920w\" sizes=\"(max-width: 800px) 100vw, 800px\" \/>\t\t\t\t\t\t\t\t\t\t\t\t\t\t\t<\/div>\n\t\t\t\t<\/div>\n\t\t\t\t<\/div>\n\t\t\t\t\t<\/div>\n\t\t\t\t<\/div>\n\t\t<div class=\"elementor-element elementor-element-6b968d6 e-flex e-con-boxed e-con e-parent\" data-id=\"6b968d6\" data-element_type=\"container\">\n\t\t\t\t\t<div class=\"e-con-inner\">\n\t\t\t\t<div class=\"elementor-element elementor-element-100cc4d4 elementor-position-left elementor-widget__width-initial elementor-widget-tablet__width-initial elementor-widget-mobile__width-inherit elementor-view-stacked elementor-shape-square elementor-mobile-position-top elementor-vertical-align-top elementor-widget elementor-widget-icon-box\" data-id=\"100cc4d4\" data-element_type=\"widget\" data-widget_type=\"icon-box.default\">\n\t\t\t\t<div class=\"elementor-widget-container\">\n\t\t\t\t\t\t\t<div class=\"elementor-icon-box-wrapper\">\n\n\t\t\t\t\t\t<div class=\"elementor-icon-box-icon\">\n\t\t\t\t<a href=\"\/fr\/therapie\/\" class=\"elementor-icon elementor-animation-grow\" tabindex=\"-1\" aria-label=\"Supervision individuelle\">\n\t\t\t\t<i aria-hidden=\"true\" class=\"la la-building-o\"><\/i>\t\t\t\t<\/a>\n\t\t\t<\/div>\n\t\t\t\n\t\t\t\t\t\t<div class=\"elementor-icon-box-content\">\n\n\t\t\t\t\t\t\t\t\t<div class=\"elementor-icon-box-title\">\n\t\t\t\t\t\t<a href=\"\/fr\/therapie\/\" >\n\t\t\t\t\t\t\tSupervision individuelle\t\t\t\t\t\t<\/a>\n\t\t\t\t\t<\/div>\n\t\t\t\t\n\t\t\t\t\t\t\t\t\t<p class=\"elementor-icon-box-description\">\n\t\t\t\t\t\tLa supervision individuelle est un processus d'apprentissage et de d\u00e9veloppement individuel entre un supervis\u00e9 et un superviseur. L'objectif de la supervision individuelle est de promouvoir la croissance professionnelle, l'autor\u00e9flexion et les comp\u00e9tences de la personne supervis\u00e9e. Au cours des s\u00e9ances, le supervis\u00e9 discute de cas, de d\u00e9fis personnels et de probl\u00e8mes professionnels li\u00e9s \u00e0 la pratique. Le superviseur apporte son soutien, ses conseils et un retour d'information cibl\u00e9 au cours de ces s\u00e9ances. La supervision individuelle offre un soutien personnalis\u00e9 adapt\u00e9 aux besoins d'apprentissage sp\u00e9cifiques et aux objectifs professionnels de la personne supervis\u00e9e. \t\t\t\t\t<\/p>\n\t\t\t\t\n\t\t\t<\/div>\n\t\t\t\n\t\t<\/div>\n\t\t\t\t\t\t<\/div>\n\t\t\t\t<\/div>\n\t\t\t\t<div class=\"elementor-element elementor-element-50ce12aa elementor-position-left elementor-widget__width-initial elementor-widget-tablet__width-initial elementor-widget-mobile__width-inherit elementor-view-stacked elementor-shape-square elementor-mobile-position-top elementor-vertical-align-top elementor-widget elementor-widget-icon-box\" data-id=\"50ce12aa\" data-element_type=\"widget\" data-widget_type=\"icon-box.default\">\n\t\t\t\t<div class=\"elementor-widget-container\">\n\t\t\t\t\t\t\t<div class=\"elementor-icon-box-wrapper\">\n\n\t\t\t\t\t\t<div class=\"elementor-icon-box-icon\">\n\t\t\t\t<a href=\"\/fr\/therapie\/\" class=\"elementor-icon elementor-animation-grow\" tabindex=\"-1\" aria-label=\"Supervision de groupe\">\n\t\t\t\t<i aria-hidden=\"true\" class=\"icon icon-Money\"><\/i>\t\t\t\t<\/a>\n\t\t\t<\/div>\n\t\t\t\n\t\t\t\t\t\t<div class=\"elementor-icon-box-content\">\n\n\t\t\t\t\t\t\t\t\t<div class=\"elementor-icon-box-title\">\n\t\t\t\t\t\t<a href=\"\/fr\/therapie\/\" >\n\t\t\t\t\t\t\tSupervision de groupe\t\t\t\t\t\t<\/a>\n\t\t\t\t\t<\/div>\n\t\t\t\t\n\t\t\t\t\t\t\t\t\t<p class=\"elementor-icon-box-description\">\n\t\t\t\t\t\tUn groupe de supervis\u00e9s se r\u00e9unit r\u00e9guli\u00e8rement sous la direction d'un superviseur d\u00e9sign\u00e9. L'objectif de ces r\u00e9unions est de contr\u00f4ler et d'am\u00e9liorer la qualit\u00e9 du travail des supervis\u00e9s, ainsi que d'approfondir leur compr\u00e9hension d'eux-m\u00eames en tant que professionnels. En outre, leur compr\u00e9hension des clients avec lesquels ils travaillent et de la prestation de services en g\u00e9n\u00e9ral est am\u00e9lior\u00e9e. Les supervis\u00e9s sont soutenus dans la r\u00e9alisation de ces objectifs par leur superviseur et par le retour d'information pr\u00e9cieux qui d\u00e9coule de leurs interactions mutuelles.\t\t\t\t\t<\/p>\n\t\t\t\t\n\t\t\t<\/div>\n\t\t\t\n\t\t<\/div>\n\t\t\t\t\t\t<\/div>\n\t\t\t\t<\/div>\n\t\t\t\t\t<\/div>\n\t\t\t\t<\/div>\n\t\t<div class=\"elementor-element elementor-element-96bf455 e-flex e-con-boxed e-con e-parent\" data-id=\"96bf455\" data-element_type=\"container\">\n\t\t\t\t\t<div class=\"e-con-inner\">\n\t\t\t\t<div class=\"elementor-element elementor-element-1482698 elementor-position-left elementor-widget__width-initial elementor-widget-tablet__width-initial elementor-widget-mobile__width-inherit elementor-view-stacked elementor-shape-square elementor-mobile-position-top elementor-vertical-align-top elementor-widget elementor-widget-icon-box\" data-id=\"1482698\" data-element_type=\"widget\" data-widget_type=\"icon-box.default\">\n\t\t\t\t<div class=\"elementor-widget-container\">\n\t\t\t\t\t\t\t<div class=\"elementor-icon-box-wrapper\">\n\n\t\t\t\t\t\t<div class=\"elementor-icon-box-icon\">\n\t\t\t\t<a href=\"\/fr\/therapie\/\" class=\"elementor-icon elementor-animation-grow\" tabindex=\"-1\" aria-label=\"Supervision en ligne\">\n\t\t\t\t<i aria-hidden=\"true\" class=\"mdi mdi-message-text-outline\"><\/i>\t\t\t\t<\/a>\n\t\t\t<\/div>\n\t\t\t\n\t\t\t\t\t\t<div class=\"elementor-icon-box-content\">\n\n\t\t\t\t\t\t\t\t\t<div class=\"elementor-icon-box-title\">\n\t\t\t\t\t\t<a href=\"\/fr\/therapie\/\" >\n\t\t\t\t\t\t\tSupervision en ligne\t\t\t\t\t\t<\/a>\n\t\t\t\t\t<\/div>\n\t\t\t\t\n\t\t\t\t\t\t\t\t\t<p class=\"elementor-icon-box-description\">\n\t\t\t\t\t\tDans le cadre de la supervision en ligne, les s\u00e9ances de supervision se d\u00e9roulent par le biais de moyens de communication num\u00e9riques, tels que les appels vid\u00e9o, le chat ou des plateformes en ligne sp\u00e9cialis\u00e9es. Cette forme de supervision offre les m\u00eames objectifs et fonctions que la supervision traditionnelle en face-\u00e0-face, mais utilise la technologie pour surmonter les obstacles li\u00e9s \u00e0 la distance et au temps.\t\t\t\t\t<\/p>\n\t\t\t\t\n\t\t\t<\/div>\n\t\t\t\n\t\t<\/div>\n\t\t\t\t\t\t<\/div>\n\t\t\t\t<\/div>\n\t\t\t\t<div class=\"elementor-element elementor-element-6f3667b elementor-position-left elementor-widget__width-initial elementor-widget-tablet__width-initial elementor-widget-mobile__width-inherit elementor-view-stacked elementor-shape-square elementor-mobile-position-top elementor-vertical-align-top elementor-widget elementor-widget-icon-box\" data-id=\"6f3667b\" data-element_type=\"widget\" data-widget_type=\"icon-box.default\">\n\t\t\t\t<div class=\"elementor-widget-container\">\n\t\t\t\t\t\t\t<div class=\"elementor-icon-box-wrapper\">\n\n\t\t\t\t\t\t<div class=\"elementor-icon-box-icon\">\n\t\t\t\t<a href=\"\/fr\/therapie\/\" class=\"elementor-icon elementor-animation-grow\" tabindex=\"-1\" aria-label=\"Supervision par les pairs\">\n\t\t\t\t<i aria-hidden=\"true\" class=\"mdi mdi-message-cog-outline\"><\/i>\t\t\t\t<\/a>\n\t\t\t<\/div>\n\t\t\t\n\t\t\t\t\t\t<div class=\"elementor-icon-box-content\">\n\n\t\t\t\t\t\t\t\t\t<div class=\"elementor-icon-box-title\">\n\t\t\t\t\t\t<a href=\"\/fr\/therapie\/\" >\n\t\t\t\t\t\t\tSupervision par les pairs\t\t\t\t\t\t<\/a>\n\t\t\t\t\t<\/div>\n\t\t\t\t\n\t\t\t\t\t\t\t\t\t<p class=\"elementor-icon-box-description\">\n\t\t\t\t\t\tIl s'agit d'une discussion structur\u00e9e et \u00e9quilibr\u00e9e entre coll\u00e8gues ou pairs, au cours de laquelle des exp\u00e9riences, des probl\u00e8mes et des cas concrets sont examin\u00e9s. L'objectif est de r\u00e9fl\u00e9chir ensemble, d'apprendre les uns des autres et de trouver des solutions. Il s'agit d'une r\u00e9flexion \u00e9gale et coll\u00e9giale et d'une discussion de cas.  L'objectif est de trouver ensemble des solutions \u00e0 la casuistique ou \u00e0 des dilemmes professionnels \u00e0 partir d'un \u00e9change \u00e9gal d'exp\u00e9riences. \t\t\t\t\t<\/p>\n\t\t\t\t\n\t\t\t<\/div>\n\t\t\t\n\t\t<\/div>\n\t\t\t\t\t\t<\/div>\n\t\t\t\t<\/div>\n\t\t\t\t\t<\/div>\n\t\t\t\t<\/div>\n\t\t<div class=\"elementor-element elementor-element-acdcc18 e-flex e-con-boxed e-con e-parent\" data-id=\"acdcc18\" data-element_type=\"container\">\n\t\t\t\t\t<div class=\"e-con-inner\">\n\t\t\t\t<div class=\"elementor-element elementor-element-8335840 elementor-position-left elementor-widget__width-initial elementor-widget-tablet__width-initial elementor-widget-mobile__width-inherit elementor-view-stacked elementor-shape-square elementor-mobile-position-top elementor-vertical-align-top elementor-widget elementor-widget-icon-box\" data-id=\"8335840\" data-element_type=\"widget\" data-widget_type=\"icon-box.default\">\n\t\t\t\t<div class=\"elementor-widget-container\">\n\t\t\t\t\t\t\t<div class=\"elementor-icon-box-wrapper\">\n\n\t\t\t\t\t\t<div class=\"elementor-icon-box-icon\">\n\t\t\t\t<a href=\"\/fr\/therapie\/\" class=\"elementor-icon elementor-animation-grow\" tabindex=\"-1\" aria-label=\"Supervision en direct\">\n\t\t\t\t<i aria-hidden=\"true\" class=\"mdi mdi-message-text-outline\"><\/i>\t\t\t\t<\/a>\n\t\t\t<\/div>\n\t\t\t\n\t\t\t\t\t\t<div class=\"elementor-icon-box-content\">\n\n\t\t\t\t\t\t\t\t\t<div class=\"elementor-icon-box-title\">\n\t\t\t\t\t\t<a href=\"\/fr\/therapie\/\" >\n\t\t\t\t\t\t\tSupervision en direct\t\t\t\t\t\t<\/a>\n\t\t\t\t\t<\/div>\n\t\t\t\t\n\t\t\t\t\t\t\t\t\t<p class=\"elementor-icon-box-description\">\n\t\t\t\t\t\tDans la supervision en direct, le superviseur est directement pr\u00e9sent lors d'une s\u00e9ance entre le th\u00e9rapeute et le client. Le th\u00e9rapeute est dans la salle de th\u00e9rapie et m\u00e8ne la conversation, tandis que le superviseur observe et, si n\u00e9cessaire, intervient. La recherche montre que les interventions du superviseur, pour autant qu'elles ne soient pas trop fr\u00e9quentes et qu'elles se d\u00e9roulent de mani\u00e8re collaborative dans un cadre clairement d\u00e9fini au pr\u00e9alable, n'ont pas d'incidence n\u00e9gative sur le processus th\u00e9rapeutique. Ces interruptions n'entra\u00eenent pas non plus une augmentation de l'anxi\u00e9t\u00e9 chez le th\u00e9rapeute ou le superviseur (Champe &amp; Klest, 2003).\t\t\t\t\t<\/p>\n\t\t\t\t\n\t\t\t<\/div>\n\t\t\t\n\t\t<\/div>\n\t\t\t\t\t\t<\/div>\n\t\t\t\t<\/div>\n\t\t\t\t<div class=\"elementor-element elementor-element-b782053 elementor-position-left elementor-widget__width-initial elementor-widget-tablet__width-initial elementor-widget-mobile__width-inherit elementor-view-stacked elementor-shape-square elementor-mobile-position-top elementor-vertical-align-top elementor-widget elementor-widget-icon-box\" data-id=\"b782053\" data-element_type=\"widget\" data-widget_type=\"icon-box.default\">\n\t\t\t\t<div class=\"elementor-widget-container\">\n\t\t\t\t\t\t\t<div class=\"elementor-icon-box-wrapper\">\n\n\t\t\t\t\t\t<div class=\"elementor-icon-box-icon\">\n\t\t\t\t<a href=\"\/fr\/therapie\/\" class=\"elementor-icon elementor-animation-grow\" tabindex=\"-1\" aria-label=\"Supervision exp\u00e9rimentale\">\n\t\t\t\t<i aria-hidden=\"true\" class=\"mdi mdi-message-cog-outline\"><\/i>\t\t\t\t<\/a>\n\t\t\t<\/div>\n\t\t\t\n\t\t\t\t\t\t<div class=\"elementor-icon-box-content\">\n\n\t\t\t\t\t\t\t\t\t<div class=\"elementor-icon-box-title\">\n\t\t\t\t\t\t<a href=\"\/fr\/therapie\/\" >\n\t\t\t\t\t\t\tSupervision exp\u00e9rimentale\t\t\t\t\t\t<\/a>\n\t\t\t\t\t<\/div>\n\t\t\t\t\n\t\t\t\t\t\t\t\t\t<p class=\"elementor-icon-box-description\">\n\t\t\t\t\t\tLa supervision exp\u00e9rientielle est une forme de supervision qui met l'accent sur l'exp\u00e9rience directe et personnelle et sur la r\u00e9flexion en tant qu'\u00e9l\u00e9ment central du processus d'apprentissage. La personne supervis\u00e9e est activement impliqu\u00e9e dans des exercices, des jeux de r\u00f4le ou d'autres interventions qui suscitent des \u00e9motions, des pens\u00e9es et des comportements directs. Cette approche permet \u00e0 la personne supervis\u00e9e d'acqu\u00e9rir une connaissance approfondie de son propre r\u00f4le professionnel et des processus personnels qui peuvent affecter son travail.<br>\nLa supervision exp\u00e9rientielle est particuli\u00e8rement efficace dans les professions o\u00f9 la relation entre le professionnel et le client est centrale. Il s'agit d'une m\u00e9thode puissante pour les professionnels qui souhaitent non seulement am\u00e9liorer leurs comp\u00e9tences techniques, mais aussi mieux comprendre leur propre dynamique \u00e9motionnelle et relationnelle.\n\t\t\t\t\t<\/p>\n\t\t\t\t\n\t\t\t<\/div>\n\t\t\t\n\t\t<\/div>\n\t\t\t\t\t\t<\/div>\n\t\t\t\t<\/div>\n\t\t\t\t\t<\/div>\n\t\t\t\t<\/div>\n\t\t\t\t<\/div>","protected":false},"excerpt":{"rendered":"<p>Supervision La supervision vise \u00e0 faciliter le d\u00e9veloppement professionnel de la personne supervis\u00e9e, quel que soit son niveau d'exp\u00e9rience, en vue d'am\u00e9liorer les r\u00e9sultats de la th\u00e9rapie avec ses clients (Ellis &amp; Landany). Il existe 6 types de supervision.  La supervision individuelle La supervision individuelle est un processus d'apprentissage et de d\u00e9veloppement en t\u00eate-\u00e0-t\u00eate entre un supervis\u00e9 et un superviseur. L'objectif de la [...]<\/p>","protected":false},"author":1,"featured_media":0,"parent":0,"menu_order":0,"comment_status":"closed","ping_status":"closed","template":"elementor_header_footer","meta":{"_monsterinsights_skip_tracking":false,"_monsterinsights_sitenote_active":false,"_monsterinsights_sitenote_note":"","_monsterinsights_sitenote_category":0,"footnotes":""},"class_list":["post-1100","page","type-page","status-publish","hentry"],"yoast_head":"<!-- This site is optimized with the Yoast SEO plugin v25.1 - https:\/\/yoast.com\/wordpress\/plugins\/seo\/ -->\n<title>Supervisie - Traumacenter Belgium<\/title>\n<meta name=\"robots\" content=\"index, follow, max-snippet:-1, max-image-preview:large, max-video-preview:-1\" \/>\n<link rel=\"canonical\" href=\"https:\/\/traumacenterbelgium.be\/fr\/supervisie\/\" \/>\n<meta property=\"og:locale\" content=\"fr_FR\" \/>\n<meta property=\"og:type\" content=\"article\" \/>\n<meta property=\"og:title\" content=\"Supervisie - Traumacenter Belgium\" \/>\n<meta property=\"og:description\" content=\"Supervisie Supervisie heeft als doel de professionele ontwikkeling van de supervisee te faciliteren, ongeacht hun ervaringsniveau, met het oog op het verbeteren van therapieresultaten bij hun cli\u00ebnten (Ellis &amp; Landany). Er bestaan 6 soorten supervisie.\u00a0 Indiduele supervisie Individuele supervisie is een \u00e9\u00e9n-op-\u00e9\u00e9n leer- en ontwikkelingsproces tussen een supervisee en een supervisor. Het doel van individuele [&hellip;]\" \/>\n<meta property=\"og:url\" content=\"https:\/\/traumacenterbelgium.be\/fr\/supervisie\/\" \/>\n<meta property=\"og:site_name\" content=\"Traumacenter Belgium\" \/>\n<meta property=\"article:modified_time\" content=\"2025-01-24T09:46:46+00:00\" \/>\n<meta property=\"og:image\" content=\"https:\/\/traumacenterbelgium.be\/wp-content\/uploads\/2024\/08\/50f1b54e-da3f-41db-9585-b67a4e336a01_rw_1920.jpg\" \/>\n\t<meta property=\"og:image:width\" content=\"1920\" \/>\n\t<meta property=\"og:image:height\" content=\"1342\" \/>\n\t<meta property=\"og:image:type\" content=\"image\/jpeg\" \/>\n<meta name=\"twitter:card\" content=\"summary_large_image\" \/>\n<meta name=\"twitter:label1\" content=\"Dur\u00e9e de lecture est.\" \/>\n\t<meta name=\"twitter:data1\" content=\"3 minutes\" \/>\n<script type=\"application\/ld+json\" class=\"yoast-schema-graph\">{\"@context\":\"https:\/\/schema.org\",\"@graph\":[{\"@type\":\"WebPage\",\"@id\":\"https:\/\/traumacenterbelgium.be\/fr\/supervisie\/\",\"url\":\"https:\/\/traumacenterbelgium.be\/fr\/supervisie\/\",\"name\":\"Supervisie - Traumacenter Belgium\",\"isPartOf\":{\"@id\":\"https:\/\/traumacenterbelgium.be\/fr\/#website\"},\"primaryImageOfPage\":{\"@id\":\"https:\/\/traumacenterbelgium.be\/fr\/supervisie\/#primaryimage\"},\"image\":{\"@id\":\"https:\/\/traumacenterbelgium.be\/fr\/supervisie\/#primaryimage\"},\"thumbnailUrl\":\"https:\/\/traumacenterbelgium.be\/wp-content\/uploads\/2024\/08\/50f1b54e-da3f-41db-9585-b67a4e336a01_rw_1920-1024x716.jpg\",\"datePublished\":\"2025-01-13T15:20:49+00:00\",\"dateModified\":\"2025-01-24T09:46:46+00:00\",\"breadcrumb\":{\"@id\":\"https:\/\/traumacenterbelgium.be\/fr\/supervisie\/#breadcrumb\"},\"inLanguage\":\"fr-BE\",\"potentialAction\":[{\"@type\":\"ReadAction\",\"target\":[\"https:\/\/traumacenterbelgium.be\/fr\/supervisie\/\"]}]},{\"@type\":\"ImageObject\",\"inLanguage\":\"fr-BE\",\"@id\":\"https:\/\/traumacenterbelgium.be\/fr\/supervisie\/#primaryimage\",\"url\":\"https:\/\/traumacenterbelgium.be\/wp-content\/uploads\/2024\/08\/50f1b54e-da3f-41db-9585-b67a4e336a01_rw_1920-1024x716.jpg\",\"contentUrl\":\"https:\/\/traumacenterbelgium.be\/wp-content\/uploads\/2024\/08\/50f1b54e-da3f-41db-9585-b67a4e336a01_rw_1920-1024x716.jpg\"},{\"@type\":\"BreadcrumbList\",\"@id\":\"https:\/\/traumacenterbelgium.be\/fr\/supervisie\/#breadcrumb\",\"itemListElement\":[{\"@type\":\"ListItem\",\"position\":1,\"name\":\"Home\",\"item\":\"https:\/\/traumacenterbelgium.be\/\"},{\"@type\":\"ListItem\",\"position\":2,\"name\":\"Supervisie\"}]},{\"@type\":\"WebSite\",\"@id\":\"https:\/\/traumacenterbelgium.be\/fr\/#website\",\"url\":\"https:\/\/traumacenterbelgium.be\/fr\/\",\"name\":\"Traumacenter Belgium\",\"description\":\"Traumacentrum Belgi\u00eb\",\"potentialAction\":[{\"@type\":\"SearchAction\",\"target\":{\"@type\":\"EntryPoint\",\"urlTemplate\":\"https:\/\/traumacenterbelgium.be\/fr\/?s={search_term_string}\"},\"query-input\":{\"@type\":\"PropertyValueSpecification\",\"valueRequired\":true,\"valueName\":\"search_term_string\"}}],\"inLanguage\":\"fr-BE\"}]}<\/script>\n<!-- \/ Yoast SEO plugin. -->","yoast_head_json":{"title":"Supervisie - Traumacenter Belgium","robots":{"index":"index","follow":"follow","max-snippet":"max-snippet:-1","max-image-preview":"max-image-preview:large","max-video-preview":"max-video-preview:-1"},"canonical":"https:\/\/traumacenterbelgium.be\/fr\/supervisie\/","og_locale":"fr_FR","og_type":"article","og_title":"Supervisie - Traumacenter Belgium","og_description":"Supervisie Supervisie heeft als doel de professionele ontwikkeling van de supervisee te faciliteren, ongeacht hun ervaringsniveau, met het oog op het verbeteren van therapieresultaten bij hun cli\u00ebnten (Ellis &amp; Landany). Er bestaan 6 soorten supervisie.\u00a0 Indiduele supervisie Individuele supervisie is een \u00e9\u00e9n-op-\u00e9\u00e9n leer- en ontwikkelingsproces tussen een supervisee en een supervisor. Het doel van individuele [&hellip;]","og_url":"https:\/\/traumacenterbelgium.be\/fr\/supervisie\/","og_site_name":"Traumacenter Belgium","article_modified_time":"2025-01-24T09:46:46+00:00","og_image":[{"width":1920,"height":1342,"url":"https:\/\/traumacenterbelgium.be\/wp-content\/uploads\/2024\/08\/50f1b54e-da3f-41db-9585-b67a4e336a01_rw_1920.jpg","type":"image\/jpeg"}],"twitter_card":"summary_large_image","twitter_misc":{"Dur\u00e9e de lecture est.":"3 minutes"},"schema":{"@context":"https:\/\/schema.org","@graph":[{"@type":"WebPage","@id":"https:\/\/traumacenterbelgium.be\/fr\/supervisie\/","url":"https:\/\/traumacenterbelgium.be\/fr\/supervisie\/","name":"Supervisie - Traumacenter Belgium","isPartOf":{"@id":"https:\/\/traumacenterbelgium.be\/fr\/#website"},"primaryImageOfPage":{"@id":"https:\/\/traumacenterbelgium.be\/fr\/supervisie\/#primaryimage"},"image":{"@id":"https:\/\/traumacenterbelgium.be\/fr\/supervisie\/#primaryimage"},"thumbnailUrl":"https:\/\/traumacenterbelgium.be\/wp-content\/uploads\/2024\/08\/50f1b54e-da3f-41db-9585-b67a4e336a01_rw_1920-1024x716.jpg","datePublished":"2025-01-13T15:20:49+00:00","dateModified":"2025-01-24T09:46:46+00:00","breadcrumb":{"@id":"https:\/\/traumacenterbelgium.be\/fr\/supervisie\/#breadcrumb"},"inLanguage":"fr-BE","potentialAction":[{"@type":"ReadAction","target":["https:\/\/traumacenterbelgium.be\/fr\/supervisie\/"]}]},{"@type":"ImageObject","inLanguage":"fr-BE","@id":"https:\/\/traumacenterbelgium.be\/fr\/supervisie\/#primaryimage","url":"https:\/\/traumacenterbelgium.be\/wp-content\/uploads\/2024\/08\/50f1b54e-da3f-41db-9585-b67a4e336a01_rw_1920-1024x716.jpg","contentUrl":"https:\/\/traumacenterbelgium.be\/wp-content\/uploads\/2024\/08\/50f1b54e-da3f-41db-9585-b67a4e336a01_rw_1920-1024x716.jpg"},{"@type":"BreadcrumbList","@id":"https:\/\/traumacenterbelgium.be\/fr\/supervisie\/#breadcrumb","itemListElement":[{"@type":"ListItem","position":1,"name":"Home","item":"https:\/\/traumacenterbelgium.be\/"},{"@type":"ListItem","position":2,"name":"Supervisie"}]},{"@type":"WebSite","@id":"https:\/\/traumacenterbelgium.be\/fr\/#website","url":"https:\/\/traumacenterbelgium.be\/fr\/","name":"Traumacenter Belgium","description":"Traumacentrum Belgi\u00eb","potentialAction":[{"@type":"SearchAction","target":{"@type":"EntryPoint","urlTemplate":"https:\/\/traumacenterbelgium.be\/fr\/?s={search_term_string}"},"query-input":{"@type":"PropertyValueSpecification","valueRequired":true,"valueName":"search_term_string"}}],"inLanguage":"fr-BE"}]}},"_links":{"self":[{"href":"https:\/\/traumacenterbelgium.be\/fr\/wp-json\/wp\/v2\/pages\/1100","targetHints":{"allow":["GET"]}}],"collection":[{"href":"https:\/\/traumacenterbelgium.be\/fr\/wp-json\/wp\/v2\/pages"}],"about":[{"href":"https:\/\/traumacenterbelgium.be\/fr\/wp-json\/wp\/v2\/types\/page"}],"author":[{"embeddable":true,"href":"https:\/\/traumacenterbelgium.be\/fr\/wp-json\/wp\/v2\/users\/1"}],"replies":[{"embeddable":true,"href":"https:\/\/traumacenterbelgium.be\/fr\/wp-json\/wp\/v2\/comments?post=1100"}],"version-history":[{"count":1,"href":"https:\/\/traumacenterbelgium.be\/fr\/wp-json\/wp\/v2\/pages\/1100\/revisions"}],"predecessor-version":[{"id":1550,"href":"https:\/\/traumacenterbelgium.be\/fr\/wp-json\/wp\/v2\/pages\/1100\/revisions\/1550"}],"wp:attachment":[{"href":"https:\/\/traumacenterbelgium.be\/fr\/wp-json\/wp\/v2\/media?parent=1100"}],"curies":[{"name":"wp","href":"https:\/\/api.w.org\/{rel}","templated":true}]}}