{"id":1000,"date":"2024-12-31T12:47:26","date_gmt":"2024-12-31T11:47:26","guid":{"rendered":"https:\/\/traumacenterbelgium.be\/?page_id=1000"},"modified":"2025-02-16T13:32:49","modified_gmt":"2025-02-16T12:32:49","slug":"relatietherapie","status":"publish","type":"page","link":"https:\/\/traumacenterbelgium.be\/fr\/relatietherapie\/","title":{"rendered":"Th\u00e9rapie relationnelle"},"content":{"rendered":"<div data-elementor-type=\"wp-page\" data-elementor-id=\"1000\" class=\"elementor elementor-1000\">\n\t\t\t\t<div class=\"elementor-element elementor-element-6f587649 e-flex e-con-boxed e-con e-parent\" data-id=\"6f587649\" data-element_type=\"container\" data-settings=\"{&quot;background_background&quot;:&quot;classic&quot;}\">\n\t\t\t\t\t<div class=\"e-con-inner\">\n\t\t<div class=\"elementor-element elementor-element-49825bca e-con-full e-flex e-con e-child\" data-id=\"49825bca\" data-element_type=\"container\" data-settings=\"{&quot;animation_mobile&quot;:&quot;fadeInLeft&quot;}\">\n\t\t<div class=\"elementor-element elementor-element-40f123d2 e-flex e-con-boxed elementor-invisible e-con e-child\" data-id=\"40f123d2\" data-element_type=\"container\" data-settings=\"{&quot;animation&quot;:&quot;fadeInRight&quot;}\">\n\t\t\t\t\t<div class=\"e-con-inner\">\n\t\t\t\t<div class=\"elementor-element elementor-element-937d451 elementor-widget__width-initial elementor-widget-divider--view-line elementor-widget elementor-widget-divider\" data-id=\"937d451\" data-element_type=\"widget\" data-widget_type=\"divider.default\">\n\t\t\t\t<div class=\"elementor-widget-container\">\n\t\t\t\t\t\t\t<div class=\"elementor-divider\">\n\t\t\t<span class=\"elementor-divider-separator\">\n\t\t\t\t\t\t<\/span>\n\t\t<\/div>\n\t\t\t\t\t\t<\/div>\n\t\t\t\t<\/div>\n\t\t\t\t<div class=\"elementor-element elementor-element-d601d04 elementor-widget elementor-widget-heading\" data-id=\"d601d04\" data-element_type=\"widget\" data-widget_type=\"heading.default\">\n\t\t\t\t<div class=\"elementor-widget-container\">\n\t\t\t\t\t<h6 class=\"elementor-heading-title elementor-size-default\">Th\u00e9rapie du traumatisme pour les couples<\/h6>\t\t\t\t<\/div>\n\t\t\t\t<\/div>\n\t\t\t\t\t<\/div>\n\t\t\t\t<\/div>\n\t\t\t\t<div class=\"elementor-element elementor-element-1cb7a4a elementor-widget elementor-widget-text-editor\" data-id=\"1cb7a4a\" data-element_type=\"widget\" data-widget_type=\"text-editor.default\">\n\t\t\t\t<div class=\"elementor-widget-container\">\n\t\t\t\t\t\t\t\t\t<p>La th\u00e9rapie relationnelle est la m\u00e9thode la plus largement accept\u00e9e pour le traitement des maladies infectieuses. <strong>r\u00e9duire la d\u00e9tresse relationnelle<\/strong> et l'am\u00e9lioration de la qualit\u00e9 des relations, en abordant un large \u00e9ventail de dysfonctionnements relationnels sp\u00e9cifiques et de probl\u00e8mes de sant\u00e9 \u00e9motionnelle et physique individuels.<\/p><p>La th\u00e9rapie du traumatisme pour les couples vise \u00e0 <strong>stabilisation, s\u00e9curit\u00e9 et gestion efficace des conflits<\/strong> comme point de d\u00e9part du processus de r\u00e9tablissement. Dans ce contexte s\u00e9curisant, les partenaires travaillent \u00e0 la construction d'une sensibilit\u00e9 mutuelle, apprennent \u00e0 mieux r\u00e9guler leurs \u00e9motions et d\u00e9veloppent des capacit\u00e9s de mentalisation. Cela leur permet non seulement de mieux comprendre leurs propres sentiments et r\u00e9actions, mais aussi ceux de leur partenaire.<\/p><p>En outre, la th\u00e9rapie vise \u00e0 am\u00e9liorer la <strong>r\u00e9tablir la confiance et l'intimit\u00e9<\/strong>L'objectif est d'am\u00e9liorer la communication afin que les deux partenaires se sentent entendus, compris et valoris\u00e9s au cours de leurs interactions. Un objectif important est \u00e9galement d'am\u00e9liorer la communication afin que les deux partenaires se sentent entendus, compris et valoris\u00e9s au cours de leurs interactions. (Gusenkov, 2024).<\/p>\t\t\t\t\t\t\t\t<\/div>\n\t\t\t\t<\/div>\n\t\t\t\t<\/div>\n\t\t<div class=\"elementor-element elementor-element-2e1b7ff5 e-con-full e-flex e-con e-child\" data-id=\"2e1b7ff5\" data-element_type=\"container\" data-settings=\"{&quot;background_background&quot;:&quot;classic&quot;,&quot;animation_mobile&quot;:&quot;fadeInRight&quot;}\">\n\t\t\t\t<div class=\"elementor-element elementor-element-38fd8753 elementor-widget elementor-widget-image\" data-id=\"38fd8753\" data-element_type=\"widget\" data-settings=\"{&quot;_animation&quot;:&quot;none&quot;}\" data-widget_type=\"image.default\">\n\t\t\t\t<div class=\"elementor-widget-container\">\n\t\t\t\t\t\t\t\t\t\t\t\t\t\t\t<img fetchpriority=\"high\" decoding=\"async\" width=\"794\" height=\"613\" src=\"https:\/\/traumacenterbelgium.be\/wp-content\/uploads\/2024\/12\/Screenshot-970.jpg\" class=\"attachment-large size-large wp-image-1002\" alt=\"\" srcset=\"https:\/\/traumacenterbelgium.be\/wp-content\/uploads\/2024\/12\/Screenshot-970.jpg 794w, https:\/\/traumacenterbelgium.be\/wp-content\/uploads\/2024\/12\/Screenshot-970-300x232.jpg 300w, https:\/\/traumacenterbelgium.be\/wp-content\/uploads\/2024\/12\/Screenshot-970-768x593.jpg 768w, https:\/\/traumacenterbelgium.be\/wp-content\/uploads\/2024\/12\/Screenshot-970-16x12.jpg 16w, https:\/\/traumacenterbelgium.be\/wp-content\/uploads\/2024\/12\/Screenshot-970-600x463.jpg 600w\" sizes=\"(max-width: 794px) 100vw, 794px\" \/>\t\t\t\t\t\t\t\t\t\t\t\t\t\t\t<\/div>\n\t\t\t\t<\/div>\n\t\t\t\t<\/div>\n\t\t\t\t\t<\/div>\n\t\t\t\t<\/div>\n\t\t<div class=\"elementor-element elementor-element-2fab4ed7 e-flex e-con-boxed e-con e-parent\" data-id=\"2fab4ed7\" data-element_type=\"container\">\n\t\t\t\t\t<div class=\"e-con-inner\">\n\t\t<div class=\"elementor-element elementor-element-10664290 e-con-full e-flex elementor-invisible e-con e-child\" data-id=\"10664290\" data-element_type=\"container\" data-settings=\"{&quot;animation&quot;:&quot;fadeInLeft&quot;}\">\n\t\t<div class=\"elementor-element elementor-element-4a335a27 e-flex e-con-boxed e-con e-child\" data-id=\"4a335a27\" data-element_type=\"container\">\n\t\t\t\t\t<div class=\"e-con-inner\">\n\t\t\t\t<div class=\"elementor-element elementor-element-752e8c26 elementor-widget__width-initial elementor-widget-divider--view-line elementor-widget elementor-widget-divider\" data-id=\"752e8c26\" data-element_type=\"widget\" data-widget_type=\"divider.default\">\n\t\t\t\t<div class=\"elementor-widget-container\">\n\t\t\t\t\t\t\t<div class=\"elementor-divider\">\n\t\t\t<span class=\"elementor-divider-separator\">\n\t\t\t\t\t\t<\/span>\n\t\t<\/div>\n\t\t\t\t\t\t<\/div>\n\t\t\t\t<\/div>\n\t\t\t\t<div class=\"elementor-element elementor-element-15d18b9f elementor-widget elementor-widget-heading\" data-id=\"15d18b9f\" data-element_type=\"widget\" data-widget_type=\"heading.default\">\n\t\t\t\t<div class=\"elementor-widget-container\">\n\t\t\t\t\t<h6 class=\"elementor-heading-title elementor-size-default\">Th\u00e9rapie relationnelle<\/h6>\t\t\t\t<\/div>\n\t\t\t\t<\/div>\n\t\t\t\t\t<\/div>\n\t\t\t\t<\/div>\n\t\t\t\t<div class=\"elementor-element elementor-element-513b81a2 elementor-widget elementor-widget-heading\" data-id=\"513b81a2\" data-element_type=\"widget\" data-widget_type=\"heading.default\">\n\t\t\t\t<div class=\"elementor-widget-container\">\n\t\t\t\t\t<h2 class=\"elementor-heading-title elementor-size-default\">Les quatre \u00e9tapes cl\u00e9s<\/h2>\t\t\t\t<\/div>\n\t\t\t\t<\/div>\n\t\t\t\t<div class=\"elementor-element elementor-element-740c728 elementor-widget elementor-widget-heading\" data-id=\"740c728\" data-element_type=\"widget\" data-widget_type=\"heading.default\">\n\t\t\t\t<div class=\"elementor-widget-container\">\n\t\t\t\t\t<h2 class=\"elementor-heading-title elementor-size-default\">Th\u00e9rapie de couple d\u00e9veloppementale pour les traumatismes complexes (DCTCT) (MacIntosh, 2019).<\/h2>\t\t\t\t<\/div>\n\t\t\t\t<\/div>\n\t\t\t\t<div class=\"elementor-element elementor-element-297d527c elementor-align-center stax-condition-yes stax-user_role_enabled-yes elementor-invisible elementor-widget elementor-widget-button\" data-id=\"297d527c\" data-element_type=\"widget\" data-settings=\"{&quot;_animation&quot;:&quot;fadeInUp&quot;}\" data-widget_type=\"button.default\">\n\t\t\t\t<div class=\"elementor-widget-container\">\n\t\t\t\t\t\t\t\t\t<div class=\"elementor-button-wrapper\">\n\t\t\t\t\t<a class=\"elementor-button elementor-button-link elementor-size-sm\" href=\"\/fr\/afspraak\/\">\n\t\t\t\t\t\t<span class=\"elementor-button-content-wrapper\">\n\t\t\t\t\t\t\t\t\t<span class=\"elementor-button-text\">PRENDRE UN RENDEZ-VOUS<\/span>\n\t\t\t\t\t<\/span>\n\t\t\t\t\t<\/a>\n\t\t\t\t<\/div>\n\t\t\t\t\t\t\t\t<\/div>\n\t\t\t\t<\/div>\n\t\t\t\t<\/div>\n\t\t<div class=\"elementor-element elementor-element-6f889462 e-con-full e-flex elementor-invisible e-con e-child\" data-id=\"6f889462\" data-element_type=\"container\" data-settings=\"{&quot;animation_mobile&quot;:&quot;fadeInRight&quot;,&quot;animation&quot;:&quot;fadeInRight&quot;}\">\n\t\t<div class=\"elementor-element elementor-element-22a3bcdd e-flex e-con-boxed e-con e-child\" data-id=\"22a3bcdd\" data-element_type=\"container\">\n\t\t\t\t\t<div class=\"e-con-inner\">\n\t\t\t\t<div class=\"elementor-element elementor-element-100cc4d4 elementor-position-left elementor-widget__width-initial elementor-widget-tablet__width-initial elementor-widget-mobile__width-inherit elementor-view-stacked elementor-shape-square elementor-mobile-position-top elementor-vertical-align-top elementor-widget elementor-widget-icon-box\" data-id=\"100cc4d4\" data-element_type=\"widget\" data-widget_type=\"icon-box.default\">\n\t\t\t\t<div class=\"elementor-widget-container\">\n\t\t\t\t\t\t\t<div class=\"elementor-icon-box-wrapper\">\n\n\t\t\t\t\t\t<div class=\"elementor-icon-box-icon\">\n\t\t\t\t<span  class=\"elementor-icon elementor-animation-grow\">\n\t\t\t\t<i aria-hidden=\"true\" class=\"la la-building-o\"><\/i>\t\t\t\t<\/span>\n\t\t\t<\/div>\n\t\t\t\n\t\t\t\t\t\t<div class=\"elementor-icon-box-content\">\n\n\t\t\t\t\t\t\t\t\t<div class=\"elementor-icon-box-title\">\n\t\t\t\t\t\t<span  >\n\t\t\t\t\t\t\tPhase 1 : Psycho\u00e9ducation\t\t\t\t\t\t<\/span>\n\t\t\t\t\t<\/div>\n\t\t\t\t\n\t\t\t\t\t\t\t\t\t<p class=\"elementor-icon-box-description\">\n\t\t\t\t\t\t<b>Compr\u00e9hension et empathie <\/b><br>\nAu cours de cette phase, l'accent est mis sur une meilleure connaissance des traumatismes, de leur impact sur les individus et les relations, et de la mani\u00e8re dont les deux partenaires peuvent y r\u00e9pondre. La compr\u00e9hension et l'empathie sont des objectifs cruciaux de cette phase, car elles jettent les bases d'une coop\u00e9ration et d'une communication plus pouss\u00e9es.\n\t\t\t\t\t<\/p>\n\t\t\t\t\n\t\t\t<\/div>\n\t\t\t\n\t\t<\/div>\n\t\t\t\t\t\t<\/div>\n\t\t\t\t<\/div>\n\t\t\t\t<div class=\"elementor-element elementor-element-50ce12aa elementor-position-left elementor-widget__width-initial elementor-widget-tablet__width-initial elementor-widget-mobile__width-inherit elementor-view-stacked elementor-shape-square elementor-mobile-position-top elementor-vertical-align-top elementor-widget elementor-widget-icon-box\" data-id=\"50ce12aa\" data-element_type=\"widget\" data-widget_type=\"icon-box.default\">\n\t\t\t\t<div class=\"elementor-widget-container\">\n\t\t\t\t\t\t\t<div class=\"elementor-icon-box-wrapper\">\n\n\t\t\t\t\t\t<div class=\"elementor-icon-box-icon\">\n\t\t\t\t<span  class=\"elementor-icon elementor-animation-grow\">\n\t\t\t\t<i aria-hidden=\"true\" class=\"icon icon-Money\"><\/i>\t\t\t\t<\/span>\n\t\t\t<\/div>\n\t\t\t\n\t\t\t\t\t\t<div class=\"elementor-icon-box-content\">\n\n\t\t\t\t\t\t\t\t\t<div class=\"elementor-icon-box-title\">\n\t\t\t\t\t\t<span  >\n\t\t\t\t\t\t\tPhase 2 : Renforcement des capacit\u00e9s dans le contexte de la relation d'attachement\t\t\t\t\t\t<\/span>\n\t\t\t\t\t<\/div>\n\t\t\t\t\n\t\t\t\t\t\t\t\t\t<p class=\"elementor-icon-box-description\">\n\t\t\t\t\t\t<b>Am\u00e9liorer la communication<\/b><br>\nAu cours de cette phase, le couple acquiert des comp\u00e9tences pratiques pour communiquer plus efficacement. Il peut s'agir de techniques telles que l'\u00e9coute active, l'apprentissage de l'expression des sentiments et des besoins.\n\t\t\t\t\t<\/p>\n\t\t\t\t\n\t\t\t<\/div>\n\t\t\t\n\t\t<\/div>\n\t\t\t\t\t\t<\/div>\n\t\t\t\t<\/div>\n\t\t\t\t\t<\/div>\n\t\t\t\t<\/div>\n\t\t<div class=\"elementor-element elementor-element-78ffc590 e-flex e-con-boxed e-con e-child\" data-id=\"78ffc590\" data-element_type=\"container\">\n\t\t\t\t\t<div class=\"e-con-inner\">\n\t\t\t\t<div class=\"elementor-element elementor-element-75ab106d elementor-position-left elementor-widget__width-initial elementor-widget-tablet__width-initial elementor-widget-mobile__width-inherit elementor-view-stacked elementor-shape-square elementor-mobile-position-top elementor-vertical-align-top elementor-widget elementor-widget-icon-box\" data-id=\"75ab106d\" data-element_type=\"widget\" data-widget_type=\"icon-box.default\">\n\t\t\t\t<div class=\"elementor-widget-container\">\n\t\t\t\t\t\t\t<div class=\"elementor-icon-box-wrapper\">\n\n\t\t\t\t\t\t<div class=\"elementor-icon-box-icon\">\n\t\t\t\t<span  class=\"elementor-icon elementor-animation-grow\">\n\t\t\t\t<i aria-hidden=\"true\" class=\"mdi mdi-message-text-outline\"><\/i>\t\t\t\t<\/span>\n\t\t\t<\/div>\n\t\t\t\n\t\t\t\t\t\t<div class=\"elementor-icon-box-content\">\n\n\t\t\t\t\t\t\t\t\t<div class=\"elementor-icon-box-title\">\n\t\t\t\t\t\t<span  >\n\t\t\t\t\t\t\t\u00c9tape 3 : Traitement dyadique bas\u00e9 sur l'attachement\t\t\t\t\t\t<\/span>\n\t\t\t\t\t<\/div>\n\t\t\t\t\n\t\t\t\t\t\t\t\t\t<p class=\"elementor-icon-box-description\">\n\t\t\t\t\t\t<b>Faire face ensemble aux sympt\u00f4mes<\/b><br>\nAu cours de cette phase, les deux partenaires travaillent ensemble pour g\u00e9rer efficacement les sympt\u00f4mes du traumatisme, tels que l'anxi\u00e9t\u00e9, l'\u00e9vitement ou l'irritabilit\u00e9. Il peut s'agir d'identifier les \u00e9l\u00e9ments d\u00e9clencheurs et d'\u00e9laborer des strat\u00e9gies pour y faire face. Des techniques sont propos\u00e9es pour maintenir les sympt\u00f4mes du traumatisme \u00e0 distance. En relevant ces d\u00e9fis en \u00e9quipe, non seulement vous r\u00e9duisez l'impact des effets du traumatisme sur votre relation, mais vous renforcez \u00e9galement le lien gr\u00e2ce \u00e0 des exp\u00e9riences partag\u00e9es et \u00e0 un soutien mutuel.\n\t\t\t\t\t<\/p>\n\t\t\t\t\n\t\t\t<\/div>\n\t\t\t\n\t\t<\/div>\n\t\t\t\t\t\t<\/div>\n\t\t\t\t<\/div>\n\t\t\t\t<div class=\"elementor-element elementor-element-5410ea1d elementor-position-left elementor-widget__width-initial elementor-widget-tablet__width-initial elementor-widget-mobile__width-inherit elementor-view-stacked elementor-shape-square elementor-mobile-position-top elementor-vertical-align-top elementor-widget elementor-widget-icon-box\" data-id=\"5410ea1d\" data-element_type=\"widget\" data-widget_type=\"icon-box.default\">\n\t\t\t\t<div class=\"elementor-widget-container\">\n\t\t\t\t\t\t\t<div class=\"elementor-icon-box-wrapper\">\n\n\t\t\t\t\t\t<div class=\"elementor-icon-box-icon\">\n\t\t\t\t<span  class=\"elementor-icon elementor-animation-grow\">\n\t\t\t\t<i aria-hidden=\"true\" class=\"mdi mdi-message-cog-outline\"><\/i>\t\t\t\t<\/span>\n\t\t\t<\/div>\n\t\t\t\n\t\t\t\t\t\t<div class=\"elementor-icon-box-content\">\n\n\t\t\t\t\t\t\t\t\t<div class=\"elementor-icon-box-title\">\n\t\t\t\t\t\t<span  >\n\t\t\t\t\t\t\tPhase 4 : Consolidation :\t\t\t\t\t\t<\/span>\n\t\t\t\t\t<\/div>\n\t\t\t\t\n\t\t\t\t\t\t\t\t\t<p class=\"elementor-icon-box-description\">\n\t\t\t\t\t\t<b>Renforcer la conscience de soi<\/b><br>\nAu cours de la phase de consolidation, les partenaires r\u00e9fl\u00e9chissent \u00e0 leur d\u00e9veloppement personnel et \u00e0 l'\u00e9volution de leur relation au cours du processus th\u00e9rapeutique. La connaissance de soi est renforc\u00e9e par la compr\u00e9hension des d\u00e9clencheurs, des \u00e9motions et des r\u00e9actions personnelles.\nUne meilleure connaissance de soi peut conduire \u00e0 des interactions plus r\u00e9fl\u00e9chies et \u00e0 une meilleure compr\u00e9hension de la mani\u00e8re dont chacun contribue \u00e0 la dynamique de la relation.<br>\n<b>R\u00e9tablir la confiance et l'intimit\u00e9<\/b><br>\nIci, l'accent est mis sur la reconstruction d'une proximit\u00e9 \u00e9motionnelle et physique et sur le renforcement d'un lien affectif.\n\t\t\t\t\t<\/p>\n\t\t\t\t\n\t\t\t<\/div>\n\t\t\t\n\t\t<\/div>\n\t\t\t\t\t\t<\/div>\n\t\t\t\t<\/div>\n\t\t\t\t\t<\/div>\n\t\t\t\t<\/div>\n\t\t\t\t<\/div>\n\t\t\t\t\t<\/div>\n\t\t\t\t<\/div>\n\t\t\t\t<\/div>","protected":false},"excerpt":{"rendered":"<p>Th\u00e9rapie des traumatismes pour les couples La th\u00e9rapie relationnelle est la m\u00e9thode la plus largement accept\u00e9e pour r\u00e9duire la d\u00e9tresse relationnelle et am\u00e9liorer la qualit\u00e9 de la relation. Elle aborde un large \u00e9ventail de dysfonctionnements relationnels sp\u00e9cifiques et de probl\u00e8mes de sant\u00e9 \u00e9motionnelle et physique individuels. La th\u00e9rapie des traumatismes pour les couples se concentre sur la stabilisation, la s\u00e9curit\u00e9 et la gestion efficace des conflits comme point de d\u00e9part pour [...]<\/p>","protected":false},"author":1,"featured_media":0,"parent":0,"menu_order":0,"comment_status":"closed","ping_status":"closed","template":"elementor_header_footer","meta":{"_monsterinsights_skip_tracking":false,"_monsterinsights_sitenote_active":false,"_monsterinsights_sitenote_note":"","_monsterinsights_sitenote_category":0,"footnotes":""},"class_list":["post-1000","page","type-page","status-publish","hentry"],"yoast_head":"<!-- This site is optimized with the Yoast SEO plugin v25.1 - https:\/\/yoast.com\/wordpress\/plugins\/seo\/ -->\n<title>Relatietherapie - Traumacenter Belgium<\/title>\n<meta name=\"robots\" content=\"index, follow, max-snippet:-1, max-image-preview:large, max-video-preview:-1\" \/>\n<link rel=\"canonical\" href=\"https:\/\/traumacenterbelgium.be\/fr\/relatietherapie\/\" \/>\n<meta property=\"og:locale\" content=\"fr_FR\" \/>\n<meta property=\"og:type\" content=\"article\" \/>\n<meta property=\"og:title\" content=\"Relatietherapie - Traumacenter Belgium\" \/>\n<meta property=\"og:description\" content=\"Traumatherapie voor koppels Relatietherapie is de meest geaccepteerde methode voor het verminderen van relationele onrust en het verbeteren van de relatiekwaliteit waarbij een breed scala van specifieke relationele disfuncties en individuele emotionele en fysieke gezondheidsproblemen, worden aangepakt. Traumatherapie voor koppels is erop gericht om stabilisatie, veiligheid en effectieve conflicthantering als uitgangspunt te nemen voor het [&hellip;]\" \/>\n<meta property=\"og:url\" content=\"https:\/\/traumacenterbelgium.be\/fr\/relatietherapie\/\" \/>\n<meta property=\"og:site_name\" content=\"Traumacenter Belgium\" \/>\n<meta property=\"article:modified_time\" content=\"2025-02-16T12:32:49+00:00\" \/>\n<meta property=\"og:image\" content=\"https:\/\/traumacenterbelgium.be\/wp-content\/uploads\/2024\/12\/Screenshot-970.jpg\" \/>\n\t<meta property=\"og:image:width\" content=\"794\" \/>\n\t<meta property=\"og:image:height\" content=\"613\" \/>\n\t<meta property=\"og:image:type\" content=\"image\/jpeg\" \/>\n<meta name=\"twitter:card\" content=\"summary_large_image\" \/>\n<meta name=\"twitter:label1\" content=\"Dur\u00e9e de lecture est.\" \/>\n\t<meta name=\"twitter:data1\" content=\"2 minutes\" \/>\n<script type=\"application\/ld+json\" class=\"yoast-schema-graph\">{\"@context\":\"https:\/\/schema.org\",\"@graph\":[{\"@type\":\"WebPage\",\"@id\":\"https:\/\/traumacenterbelgium.be\/fr\/relatietherapie\/\",\"url\":\"https:\/\/traumacenterbelgium.be\/fr\/relatietherapie\/\",\"name\":\"Relatietherapie - Traumacenter Belgium\",\"isPartOf\":{\"@id\":\"https:\/\/traumacenterbelgium.be\/fr\/#website\"},\"primaryImageOfPage\":{\"@id\":\"https:\/\/traumacenterbelgium.be\/fr\/relatietherapie\/#primaryimage\"},\"image\":{\"@id\":\"https:\/\/traumacenterbelgium.be\/fr\/relatietherapie\/#primaryimage\"},\"thumbnailUrl\":\"https:\/\/traumacenterbelgium.be\/wp-content\/uploads\/2024\/12\/Screenshot-970.jpg\",\"datePublished\":\"2024-12-31T11:47:26+00:00\",\"dateModified\":\"2025-02-16T12:32:49+00:00\",\"breadcrumb\":{\"@id\":\"https:\/\/traumacenterbelgium.be\/fr\/relatietherapie\/#breadcrumb\"},\"inLanguage\":\"fr-BE\",\"potentialAction\":[{\"@type\":\"ReadAction\",\"target\":[\"https:\/\/traumacenterbelgium.be\/fr\/relatietherapie\/\"]}]},{\"@type\":\"ImageObject\",\"inLanguage\":\"fr-BE\",\"@id\":\"https:\/\/traumacenterbelgium.be\/fr\/relatietherapie\/#primaryimage\",\"url\":\"https:\/\/traumacenterbelgium.be\/wp-content\/uploads\/2024\/12\/Screenshot-970.jpg\",\"contentUrl\":\"https:\/\/traumacenterbelgium.be\/wp-content\/uploads\/2024\/12\/Screenshot-970.jpg\"},{\"@type\":\"BreadcrumbList\",\"@id\":\"https:\/\/traumacenterbelgium.be\/fr\/relatietherapie\/#breadcrumb\",\"itemListElement\":[{\"@type\":\"ListItem\",\"position\":1,\"name\":\"Home\",\"item\":\"https:\/\/traumacenterbelgium.be\/\"},{\"@type\":\"ListItem\",\"position\":2,\"name\":\"Relatietherapie\"}]},{\"@type\":\"WebSite\",\"@id\":\"https:\/\/traumacenterbelgium.be\/fr\/#website\",\"url\":\"https:\/\/traumacenterbelgium.be\/fr\/\",\"name\":\"Traumacenter Belgium\",\"description\":\"Traumacentrum Belgi\u00eb\",\"potentialAction\":[{\"@type\":\"SearchAction\",\"target\":{\"@type\":\"EntryPoint\",\"urlTemplate\":\"https:\/\/traumacenterbelgium.be\/fr\/?s={search_term_string}\"},\"query-input\":{\"@type\":\"PropertyValueSpecification\",\"valueRequired\":true,\"valueName\":\"search_term_string\"}}],\"inLanguage\":\"fr-BE\"}]}<\/script>\n<!-- \/ Yoast SEO plugin. -->","yoast_head_json":{"title":"Relatietherapie - Traumacenter Belgium","robots":{"index":"index","follow":"follow","max-snippet":"max-snippet:-1","max-image-preview":"max-image-preview:large","max-video-preview":"max-video-preview:-1"},"canonical":"https:\/\/traumacenterbelgium.be\/fr\/relatietherapie\/","og_locale":"fr_FR","og_type":"article","og_title":"Relatietherapie - Traumacenter Belgium","og_description":"Traumatherapie voor koppels Relatietherapie is de meest geaccepteerde methode voor het verminderen van relationele onrust en het verbeteren van de relatiekwaliteit waarbij een breed scala van specifieke relationele disfuncties en individuele emotionele en fysieke gezondheidsproblemen, worden aangepakt. Traumatherapie voor koppels is erop gericht om stabilisatie, veiligheid en effectieve conflicthantering als uitgangspunt te nemen voor het [&hellip;]","og_url":"https:\/\/traumacenterbelgium.be\/fr\/relatietherapie\/","og_site_name":"Traumacenter Belgium","article_modified_time":"2025-02-16T12:32:49+00:00","og_image":[{"width":794,"height":613,"url":"https:\/\/traumacenterbelgium.be\/wp-content\/uploads\/2024\/12\/Screenshot-970.jpg","type":"image\/jpeg"}],"twitter_card":"summary_large_image","twitter_misc":{"Dur\u00e9e de lecture est.":"2 minutes"},"schema":{"@context":"https:\/\/schema.org","@graph":[{"@type":"WebPage","@id":"https:\/\/traumacenterbelgium.be\/fr\/relatietherapie\/","url":"https:\/\/traumacenterbelgium.be\/fr\/relatietherapie\/","name":"Relatietherapie - Traumacenter Belgium","isPartOf":{"@id":"https:\/\/traumacenterbelgium.be\/fr\/#website"},"primaryImageOfPage":{"@id":"https:\/\/traumacenterbelgium.be\/fr\/relatietherapie\/#primaryimage"},"image":{"@id":"https:\/\/traumacenterbelgium.be\/fr\/relatietherapie\/#primaryimage"},"thumbnailUrl":"https:\/\/traumacenterbelgium.be\/wp-content\/uploads\/2024\/12\/Screenshot-970.jpg","datePublished":"2024-12-31T11:47:26+00:00","dateModified":"2025-02-16T12:32:49+00:00","breadcrumb":{"@id":"https:\/\/traumacenterbelgium.be\/fr\/relatietherapie\/#breadcrumb"},"inLanguage":"fr-BE","potentialAction":[{"@type":"ReadAction","target":["https:\/\/traumacenterbelgium.be\/fr\/relatietherapie\/"]}]},{"@type":"ImageObject","inLanguage":"fr-BE","@id":"https:\/\/traumacenterbelgium.be\/fr\/relatietherapie\/#primaryimage","url":"https:\/\/traumacenterbelgium.be\/wp-content\/uploads\/2024\/12\/Screenshot-970.jpg","contentUrl":"https:\/\/traumacenterbelgium.be\/wp-content\/uploads\/2024\/12\/Screenshot-970.jpg"},{"@type":"BreadcrumbList","@id":"https:\/\/traumacenterbelgium.be\/fr\/relatietherapie\/#breadcrumb","itemListElement":[{"@type":"ListItem","position":1,"name":"Home","item":"https:\/\/traumacenterbelgium.be\/"},{"@type":"ListItem","position":2,"name":"Relatietherapie"}]},{"@type":"WebSite","@id":"https:\/\/traumacenterbelgium.be\/fr\/#website","url":"https:\/\/traumacenterbelgium.be\/fr\/","name":"Traumacenter Belgium","description":"Traumacentrum Belgi\u00eb","potentialAction":[{"@type":"SearchAction","target":{"@type":"EntryPoint","urlTemplate":"https:\/\/traumacenterbelgium.be\/fr\/?s={search_term_string}"},"query-input":{"@type":"PropertyValueSpecification","valueRequired":true,"valueName":"search_term_string"}}],"inLanguage":"fr-BE"}]}},"_links":{"self":[{"href":"https:\/\/traumacenterbelgium.be\/fr\/wp-json\/wp\/v2\/pages\/1000","targetHints":{"allow":["GET"]}}],"collection":[{"href":"https:\/\/traumacenterbelgium.be\/fr\/wp-json\/wp\/v2\/pages"}],"about":[{"href":"https:\/\/traumacenterbelgium.be\/fr\/wp-json\/wp\/v2\/types\/page"}],"author":[{"embeddable":true,"href":"https:\/\/traumacenterbelgium.be\/fr\/wp-json\/wp\/v2\/users\/1"}],"replies":[{"embeddable":true,"href":"https:\/\/traumacenterbelgium.be\/fr\/wp-json\/wp\/v2\/comments?post=1000"}],"version-history":[{"count":0,"href":"https:\/\/traumacenterbelgium.be\/fr\/wp-json\/wp\/v2\/pages\/1000\/revisions"}],"wp:attachment":[{"href":"https:\/\/traumacenterbelgium.be\/fr\/wp-json\/wp\/v2\/media?parent=1000"}],"curies":[{"name":"wp","href":"https:\/\/api.w.org\/{rel}","templated":true}]}}