{"id":982,"date":"2024-12-31T12:39:54","date_gmt":"2024-12-31T11:39:54","guid":{"rendered":"https:\/\/traumacenterbelgium.be\/?page_id=982"},"modified":"2025-02-16T13:15:22","modified_gmt":"2025-02-16T12:15:22","slug":"principes","status":"publish","type":"page","link":"https:\/\/traumacenterbelgium.be\/en\/principes\/","title":{"rendered":"Principles of trauma-informed care"},"content":{"rendered":"<div data-elementor-type=\"wp-page\" data-elementor-id=\"982\" class=\"elementor elementor-982\">\n\t\t\t\t<div class=\"elementor-element elementor-element-2fab4ed7 e-flex e-con-boxed e-con e-parent\" data-id=\"2fab4ed7\" data-element_type=\"container\">\n\t\t\t\t\t<div class=\"e-con-inner\">\n\t\t<div class=\"elementor-element elementor-element-10664290 e-con-full e-flex elementor-invisible e-con e-child\" data-id=\"10664290\" data-element_type=\"container\" data-settings=\"{&quot;animation&quot;:&quot;fadeInLeft&quot;}\">\n\t\t<div class=\"elementor-element elementor-element-4a335a27 e-flex e-con-boxed e-con e-child\" data-id=\"4a335a27\" data-element_type=\"container\">\n\t\t\t\t\t<div class=\"e-con-inner\">\n\t\t\t\t<div class=\"elementor-element elementor-element-752e8c26 elementor-widget__width-initial elementor-widget-divider--view-line elementor-widget elementor-widget-divider\" data-id=\"752e8c26\" data-element_type=\"widget\" data-widget_type=\"divider.default\">\n\t\t\t\t<div class=\"elementor-widget-container\">\n\t\t\t\t\t\t\t<div class=\"elementor-divider\">\n\t\t\t<span class=\"elementor-divider-separator\">\n\t\t\t\t\t\t<\/span>\n\t\t<\/div>\n\t\t\t\t\t\t<\/div>\n\t\t\t\t<\/div>\n\t\t\t\t\t<\/div>\n\t\t\t\t<\/div>\n\t\t\t\t<div class=\"elementor-element elementor-element-d601d04 elementor-widget elementor-widget-heading\" data-id=\"d601d04\" data-element_type=\"widget\" data-widget_type=\"heading.default\">\n\t\t\t\t<div class=\"elementor-widget-container\">\n\t\t\t\t\t<h6 class=\"elementor-heading-title elementor-size-default\">Principles of trauma-informed care<\/h6>\t\t\t\t<\/div>\n\t\t\t\t<\/div>\n\t\t\t\t<div class=\"elementor-element elementor-element-1cb7a4a elementor-widget elementor-widget-text-editor\" data-id=\"1cb7a4a\" data-element_type=\"widget\" data-widget_type=\"text-editor.default\">\n\t\t\t\t<div class=\"elementor-widget-container\">\n\t\t\t\t\t\t\t\t\t<p>Trauma-informed care represents a shift in perspective from the question \"What is wrong with you?\" to \"What happened to you?\"<\/p><p>This approach to therapy and care is aligned with the understanding that many people have experienced traumatic events and that these experiences can affect their health and behavior.<\/p>\t\t\t\t\t\t\t\t<\/div>\n\t\t\t\t<\/div>\n\t\t\t\t<div class=\"elementor-element elementor-element-297d527c elementor-align-center stax-condition-yes stax-user_role_enabled-yes elementor-invisible elementor-widget elementor-widget-button\" data-id=\"297d527c\" data-element_type=\"widget\" data-settings=\"{&quot;_animation&quot;:&quot;fadeInUp&quot;}\" data-widget_type=\"button.default\">\n\t\t\t\t<div class=\"elementor-widget-container\">\n\t\t\t\t\t\t\t\t\t<div class=\"elementor-button-wrapper\">\n\t\t\t\t\t<a class=\"elementor-button elementor-button-link elementor-size-sm\" href=\"\/en\/afspraak\/\">\n\t\t\t\t\t\t<span class=\"elementor-button-content-wrapper\">\n\t\t\t\t\t\t\t\t\t<span class=\"elementor-button-text\">MAKE AN APPOINTMENT<\/span>\n\t\t\t\t\t<\/span>\n\t\t\t\t\t<\/a>\n\t\t\t\t<\/div>\n\t\t\t\t\t\t\t\t<\/div>\n\t\t\t\t<\/div>\n\t\t\t\t<\/div>\n\t\t<div class=\"elementor-element elementor-element-6f889462 e-con-full e-flex elementor-invisible e-con e-child\" data-id=\"6f889462\" data-element_type=\"container\" data-settings=\"{&quot;animation_mobile&quot;:&quot;fadeInRight&quot;,&quot;animation&quot;:&quot;fadeInRight&quot;}\">\n\t\t<div class=\"elementor-element elementor-element-22a3bcdd e-flex e-con-boxed e-con e-child\" data-id=\"22a3bcdd\" data-element_type=\"container\">\n\t\t\t\t\t<div class=\"e-con-inner\">\n\t\t\t\t<div class=\"elementor-element elementor-element-100cc4d4 elementor-position-left elementor-widget__width-initial elementor-widget-tablet__width-initial elementor-widget-mobile__width-inherit elementor-view-stacked elementor-shape-square elementor-mobile-position-top elementor-vertical-align-top elementor-widget elementor-widget-icon-box\" data-id=\"100cc4d4\" data-element_type=\"widget\" data-widget_type=\"icon-box.default\">\n\t\t\t\t<div class=\"elementor-widget-container\">\n\t\t\t\t\t\t\t<div class=\"elementor-icon-box-wrapper\">\n\n\t\t\t\t\t\t<div class=\"elementor-icon-box-icon\">\n\t\t\t\t<span  class=\"elementor-icon elementor-animation-grow\">\n\t\t\t\t<i aria-hidden=\"true\" class=\"la la-building-o\"><\/i>\t\t\t\t<\/span>\n\t\t\t<\/div>\n\t\t\t\n\t\t\t\t\t\t<div class=\"elementor-icon-box-content\">\n\n\t\t\t\t\t\t\t\t\t<div class=\"elementor-icon-box-title\">\n\t\t\t\t\t\t<span  >\n\t\t\t\t\t\t\tSafety and reliability\t\t\t\t\t\t<\/span>\n\t\t\t\t\t<\/div>\n\t\t\t\t\n\t\t\t\t\t\t\t\t\t<p class=\"elementor-icon-box-description\">\n\t\t\t\t\t\tCreating a safe environment is paramount in trauma-informed care. It helps clients feel safe enough to open up and fully participate in the therapeutic process. Creating trust is equally important because many traumatized people have experienced betrayal or have been in situations where their trust was broken.\n\t\t\t\t\t<\/p>\n\t\t\t\t\n\t\t\t<\/div>\n\t\t\t\n\t\t<\/div>\n\t\t\t\t\t\t<\/div>\n\t\t\t\t<\/div>\n\t\t\t\t<div class=\"elementor-element elementor-element-50ce12aa elementor-position-left elementor-widget__width-initial elementor-widget-tablet__width-initial elementor-widget-mobile__width-inherit elementor-view-stacked elementor-shape-square elementor-mobile-position-top elementor-vertical-align-top elementor-widget elementor-widget-icon-box\" data-id=\"50ce12aa\" data-element_type=\"widget\" data-widget_type=\"icon-box.default\">\n\t\t\t\t<div class=\"elementor-widget-container\">\n\t\t\t\t\t\t\t<div class=\"elementor-icon-box-wrapper\">\n\n\t\t\t\t\t\t<div class=\"elementor-icon-box-icon\">\n\t\t\t\t<span  class=\"elementor-icon elementor-animation-grow\">\n\t\t\t\t<i aria-hidden=\"true\" class=\"icon icon-Money\"><\/i>\t\t\t\t<\/span>\n\t\t\t<\/div>\n\t\t\t\n\t\t\t\t\t\t<div class=\"elementor-icon-box-content\">\n\n\t\t\t\t\t\t\t\t\t<div class=\"elementor-icon-box-title\">\n\t\t\t\t\t\t<span  >\n\t\t\t\t\t\t\tChoice, collaboration and empowerment\t\t\t\t\t\t<\/span>\n\t\t\t\t\t<\/div>\n\t\t\t\t\n\t\t\t\t\t\t\t\t\t<p class=\"elementor-icon-box-description\">\n\t\t\t\t\t\tTrauma victims often feel a lack of control over their lives. A trauma-informed approach emphasizes providing clients with choices and collaborating with clients on their treatment plans, giving them more control over their own healing. By involving clients in the decision-making process, therapists validate clients' autonomy and promote a sense of self-efficacy.\t\t\t\t\t<\/p>\n\t\t\t\t\n\t\t\t<\/div>\n\t\t\t\n\t\t<\/div>\n\t\t\t\t\t\t<\/div>\n\t\t\t\t<\/div>\n\t\t\t\t\t<\/div>\n\t\t\t\t<\/div>\n\t\t\t\t<\/div>\n\t\t\t\t\t<\/div>\n\t\t\t\t<\/div>\n\t\t<div class=\"elementor-element elementor-element-781e5933 e-flex e-con-boxed e-con e-parent\" data-id=\"781e5933\" data-element_type=\"container\">\n\t\t\t\t\t<div class=\"e-con-inner\">\n\t\t<div class=\"elementor-element elementor-element-37b87eda e-con-full e-flex elementor-invisible e-con e-child\" data-id=\"37b87eda\" data-element_type=\"container\" data-settings=\"{&quot;animation&quot;:&quot;fadeInLeft&quot;}\">\n\t\t<div class=\"elementor-element elementor-element-48628ff8 e-flex e-con-boxed e-con e-child\" data-id=\"48628ff8\" data-element_type=\"container\">\n\t\t\t\t\t<div class=\"e-con-inner\">\n\t\t\t\t<div class=\"elementor-element elementor-element-102e81bf elementor-widget__width-initial elementor-widget-divider--view-line elementor-widget elementor-widget-divider\" data-id=\"102e81bf\" data-element_type=\"widget\" data-widget_type=\"divider.default\">\n\t\t\t\t<div class=\"elementor-widget-container\">\n\t\t\t\t\t\t\t<div class=\"elementor-divider\">\n\t\t\t<span class=\"elementor-divider-separator\">\n\t\t\t\t\t\t<\/span>\n\t\t<\/div>\n\t\t\t\t\t\t<\/div>\n\t\t\t\t<\/div>\n\t\t\t\t\t<\/div>\n\t\t\t\t<\/div>\n\t\t\t\t<div class=\"elementor-element elementor-element-7a938d0f elementor-widget elementor-widget-heading\" data-id=\"7a938d0f\" data-element_type=\"widget\" data-widget_type=\"heading.default\">\n\t\t\t\t<div class=\"elementor-widget-container\">\n\t\t\t\t\t<h2 class=\"elementor-heading-title elementor-size-default\">Cultural, historical and gender considerations<\/h2>\t\t\t\t<\/div>\n\t\t\t\t<\/div>\n\t\t\t\t<div class=\"elementor-element elementor-element-2f16852d elementor-widget elementor-widget-text-editor\" data-id=\"2f16852d\" data-element_type=\"widget\" data-widget_type=\"text-editor.default\">\n\t\t\t\t<div class=\"elementor-widget-container\">\n\t\t\t\t\t\t\t\t\t<p>Understanding and respecting clients' cultural, historical and gender backgrounds is crucial in trauma-informed care. Appropriate treatment takes these aspects into account and provides care that is sensitive to clients' full background and identity.<\/p><p>Trauma-informed care is all about creating an environment in which the individual feels understood and supported. By ensuring that treatment is aware of these principles, therapists create a solid foundation from which healing can begin.<\/p>\t\t\t\t\t\t\t\t<\/div>\n\t\t\t\t<\/div>\n\t\t\t\t<\/div>\n\t\t<div class=\"elementor-element elementor-element-9fd21f1 e-con-full e-flex elementor-invisible e-con e-child\" data-id=\"9fd21f1\" data-element_type=\"container\" data-settings=\"{&quot;animation&quot;:&quot;fadeInLeft&quot;}\">\n\t\t<div class=\"elementor-element elementor-element-aa7cadd e-flex e-con-boxed e-con e-child\" data-id=\"aa7cadd\" data-element_type=\"container\">\n\t\t\t\t\t<div class=\"e-con-inner\">\n\t\t\t\t<div class=\"elementor-element elementor-element-73597c8 elementor-widget__width-initial elementor-widget-divider--view-line elementor-widget elementor-widget-divider\" data-id=\"73597c8\" data-element_type=\"widget\" data-widget_type=\"divider.default\">\n\t\t\t\t<div class=\"elementor-widget-container\">\n\t\t\t\t\t\t\t<div class=\"elementor-divider\">\n\t\t\t<span class=\"elementor-divider-separator\">\n\t\t\t\t\t\t<\/span>\n\t\t<\/div>\n\t\t\t\t\t\t<\/div>\n\t\t\t\t<\/div>\n\t\t\t\t\t<\/div>\n\t\t\t\t<\/div>\n\t\t\t\t<div class=\"elementor-element elementor-element-5750171 elementor-widget elementor-widget-heading\" data-id=\"5750171\" data-element_type=\"widget\" data-widget_type=\"heading.default\">\n\t\t\t\t<div class=\"elementor-widget-container\">\n\t\t\t\t\t<h2 class=\"elementor-heading-title elementor-size-default\">Importance of building a therapeutic alliance<\/h2>\t\t\t\t<\/div>\n\t\t\t\t<\/div>\n\t\t\t\t<div class=\"elementor-element elementor-element-a687250 elementor-widget elementor-widget-text-editor\" data-id=\"a687250\" data-element_type=\"widget\" data-widget_type=\"text-editor.default\">\n\t\t\t\t<div class=\"elementor-widget-container\">\n\t\t\t\t\t\t\t\t\t<p>A therapeutic alliance refers to the working relationship between a therapist and a client and is considered one of the most important predictors of success in therapy. This alliance consists of three core components. The first is the establishment of an affective bond that refers to the emotional connection, trust and mutual appreciation between the therapist and the client. A second component is agreement on goals in which the therapist and client must agree on the goals of therapy. Finally, there should be an agreement on the specific activities, exercises or steps to be undertaken in therapy to achieve the goals.<\/p><p>A strong therapeutic alliance needs an authentic and sincere therapist about who can be flexible to the client's needs. The therapist shows genuine interest and attention to what the client shares.<\/p><p>A strong therapeutic alliance provides a secure foundation for open communication, collaboration and effective therapy.<\/p>\t\t\t\t\t\t\t\t<\/div>\n\t\t\t\t<\/div>\n\t\t\t\t<\/div>\n\t\t\t\t\t<\/div>\n\t\t\t\t<\/div>\n\t\t\t\t<\/div>","protected":false},"excerpt":{"rendered":"<p>Principes van traumage\u00efnformeerde zorg Trauma-ge\u00efnformeerde zorg staat voor een verschuiving in perspectief van de vraag \u201cWat is er mis met jou?\u201d naar \u201cWat is er met jou gebeurd?\u201d. Deze benadering van therapie en zorg is afgestemd op het inzicht dat veel mensen traumatische gebeurtenissen hebben meegemaakt en dat deze ervaringen hun gezondheid en gedrag kunnen [&hellip;]<\/p>","protected":false},"author":1,"featured_media":0,"parent":0,"menu_order":0,"comment_status":"closed","ping_status":"closed","template":"elementor_header_footer","meta":{"_monsterinsights_skip_tracking":false,"_monsterinsights_sitenote_active":false,"_monsterinsights_sitenote_note":"","_monsterinsights_sitenote_category":0,"footnotes":""},"class_list":["post-982","page","type-page","status-publish","hentry"],"yoast_head":"<!-- This site is optimized with the Yoast SEO plugin v25.1 - https:\/\/yoast.com\/wordpress\/plugins\/seo\/ -->\n<title>Principes van traumage\u00efnformeerde zorg - Traumacenter Belgium<\/title>\n<meta name=\"robots\" content=\"index, follow, max-snippet:-1, max-image-preview:large, max-video-preview:-1\" \/>\n<link rel=\"canonical\" href=\"https:\/\/traumacenterbelgium.be\/en\/principes\/\" \/>\n<meta property=\"og:locale\" content=\"en_US\" \/>\n<meta property=\"og:type\" content=\"article\" \/>\n<meta property=\"og:title\" content=\"Principes van traumage\u00efnformeerde zorg - Traumacenter Belgium\" \/>\n<meta property=\"og:description\" content=\"Principes van traumage\u00efnformeerde zorg Trauma-ge\u00efnformeerde zorg staat voor een verschuiving in perspectief van de vraag \u201cWat is er mis met jou?\u201d naar \u201cWat is er met jou gebeurd?\u201d. Deze benadering van therapie en zorg is afgestemd op het inzicht dat veel mensen traumatische gebeurtenissen hebben meegemaakt en dat deze ervaringen hun gezondheid en gedrag kunnen [&hellip;]\" \/>\n<meta property=\"og:url\" content=\"https:\/\/traumacenterbelgium.be\/en\/principes\/\" \/>\n<meta property=\"og:site_name\" content=\"Traumacenter Belgium\" \/>\n<meta property=\"article:modified_time\" content=\"2025-02-16T12:15:22+00:00\" \/>\n<meta name=\"twitter:card\" content=\"summary_large_image\" \/>\n<meta name=\"twitter:label1\" content=\"Est. reading time\" \/>\n\t<meta name=\"twitter:data1\" content=\"2 minutes\" \/>\n<script type=\"application\/ld+json\" class=\"yoast-schema-graph\">{\"@context\":\"https:\/\/schema.org\",\"@graph\":[{\"@type\":\"WebPage\",\"@id\":\"https:\/\/traumacenterbelgium.be\/principes\/\",\"url\":\"https:\/\/traumacenterbelgium.be\/principes\/\",\"name\":\"Principes van traumage\u00efnformeerde zorg - Traumacenter Belgium\",\"isPartOf\":{\"@id\":\"https:\/\/traumacenterbelgium.be\/fr\/#website\"},\"datePublished\":\"2024-12-31T11:39:54+00:00\",\"dateModified\":\"2025-02-16T12:15:22+00:00\",\"breadcrumb\":{\"@id\":\"https:\/\/traumacenterbelgium.be\/principes\/#breadcrumb\"},\"inLanguage\":\"en-US\",\"potentialAction\":[{\"@type\":\"ReadAction\",\"target\":[\"https:\/\/traumacenterbelgium.be\/principes\/\"]}]},{\"@type\":\"BreadcrumbList\",\"@id\":\"https:\/\/traumacenterbelgium.be\/principes\/#breadcrumb\",\"itemListElement\":[{\"@type\":\"ListItem\",\"position\":1,\"name\":\"Home\",\"item\":\"https:\/\/traumacenterbelgium.be\/\"},{\"@type\":\"ListItem\",\"position\":2,\"name\":\"Principes van traumage\u00efnformeerde zorg\"}]},{\"@type\":\"WebSite\",\"@id\":\"https:\/\/traumacenterbelgium.be\/fr\/#website\",\"url\":\"https:\/\/traumacenterbelgium.be\/fr\/\",\"name\":\"Traumacenter Belgium\",\"description\":\"Traumacentrum Belgi\u00eb\",\"potentialAction\":[{\"@type\":\"SearchAction\",\"target\":{\"@type\":\"EntryPoint\",\"urlTemplate\":\"https:\/\/traumacenterbelgium.be\/fr\/?s={search_term_string}\"},\"query-input\":{\"@type\":\"PropertyValueSpecification\",\"valueRequired\":true,\"valueName\":\"search_term_string\"}}],\"inLanguage\":\"en-US\"}]}<\/script>\n<!-- \/ Yoast SEO plugin. -->","yoast_head_json":{"title":"Principes van traumage\u00efnformeerde zorg - Traumacenter Belgium","robots":{"index":"index","follow":"follow","max-snippet":"max-snippet:-1","max-image-preview":"max-image-preview:large","max-video-preview":"max-video-preview:-1"},"canonical":"https:\/\/traumacenterbelgium.be\/en\/principes\/","og_locale":"en_US","og_type":"article","og_title":"Principes van traumage\u00efnformeerde zorg - Traumacenter Belgium","og_description":"Principes van traumage\u00efnformeerde zorg Trauma-ge\u00efnformeerde zorg staat voor een verschuiving in perspectief van de vraag \u201cWat is er mis met jou?\u201d naar \u201cWat is er met jou gebeurd?\u201d. Deze benadering van therapie en zorg is afgestemd op het inzicht dat veel mensen traumatische gebeurtenissen hebben meegemaakt en dat deze ervaringen hun gezondheid en gedrag kunnen [&hellip;]","og_url":"https:\/\/traumacenterbelgium.be\/en\/principes\/","og_site_name":"Traumacenter Belgium","article_modified_time":"2025-02-16T12:15:22+00:00","twitter_card":"summary_large_image","twitter_misc":{"Est. reading time":"2 minutes"},"schema":{"@context":"https:\/\/schema.org","@graph":[{"@type":"WebPage","@id":"https:\/\/traumacenterbelgium.be\/principes\/","url":"https:\/\/traumacenterbelgium.be\/principes\/","name":"Principes van traumage\u00efnformeerde zorg - Traumacenter Belgium","isPartOf":{"@id":"https:\/\/traumacenterbelgium.be\/fr\/#website"},"datePublished":"2024-12-31T11:39:54+00:00","dateModified":"2025-02-16T12:15:22+00:00","breadcrumb":{"@id":"https:\/\/traumacenterbelgium.be\/principes\/#breadcrumb"},"inLanguage":"en-US","potentialAction":[{"@type":"ReadAction","target":["https:\/\/traumacenterbelgium.be\/principes\/"]}]},{"@type":"BreadcrumbList","@id":"https:\/\/traumacenterbelgium.be\/principes\/#breadcrumb","itemListElement":[{"@type":"ListItem","position":1,"name":"Home","item":"https:\/\/traumacenterbelgium.be\/"},{"@type":"ListItem","position":2,"name":"Principes van traumage\u00efnformeerde zorg"}]},{"@type":"WebSite","@id":"https:\/\/traumacenterbelgium.be\/fr\/#website","url":"https:\/\/traumacenterbelgium.be\/fr\/","name":"Traumacenter Belgium","description":"Traumacentrum Belgi\u00eb","potentialAction":[{"@type":"SearchAction","target":{"@type":"EntryPoint","urlTemplate":"https:\/\/traumacenterbelgium.be\/fr\/?s={search_term_string}"},"query-input":{"@type":"PropertyValueSpecification","valueRequired":true,"valueName":"search_term_string"}}],"inLanguage":"en-US"}]}},"_links":{"self":[{"href":"https:\/\/traumacenterbelgium.be\/en\/wp-json\/wp\/v2\/pages\/982","targetHints":{"allow":["GET"]}}],"collection":[{"href":"https:\/\/traumacenterbelgium.be\/en\/wp-json\/wp\/v2\/pages"}],"about":[{"href":"https:\/\/traumacenterbelgium.be\/en\/wp-json\/wp\/v2\/types\/page"}],"author":[{"embeddable":true,"href":"https:\/\/traumacenterbelgium.be\/en\/wp-json\/wp\/v2\/users\/1"}],"replies":[{"embeddable":true,"href":"https:\/\/traumacenterbelgium.be\/en\/wp-json\/wp\/v2\/comments?post=982"}],"version-history":[{"count":0,"href":"https:\/\/traumacenterbelgium.be\/en\/wp-json\/wp\/v2\/pages\/982\/revisions"}],"wp:attachment":[{"href":"https:\/\/traumacenterbelgium.be\/en\/wp-json\/wp\/v2\/media?parent=982"}],"curies":[{"name":"wp","href":"https:\/\/api.w.org\/{rel}","templated":true}]}}