{"id":1100,"date":"2025-01-13T16:20:49","date_gmt":"2025-01-13T15:20:49","guid":{"rendered":"https:\/\/traumacenterbelgium.be\/?page_id=1100"},"modified":"2025-01-24T10:46:46","modified_gmt":"2025-01-24T09:46:46","slug":"supervisie","status":"publish","type":"page","link":"https:\/\/traumacenterbelgium.be\/en\/supervisie\/","title":{"rendered":"Supervision"},"content":{"rendered":"<div data-elementor-type=\"wp-page\" data-elementor-id=\"1100\" class=\"elementor elementor-1100\">\n\t\t\t\t<div class=\"elementor-element elementor-element-6f587649 e-flex e-con-boxed e-con e-parent\" data-id=\"6f587649\" data-element_type=\"container\" data-settings=\"{&quot;background_background&quot;:&quot;classic&quot;}\">\n\t\t\t\t\t<div class=\"e-con-inner\">\n\t\t<div class=\"elementor-element elementor-element-49825bca e-con-full e-flex e-con e-child\" data-id=\"49825bca\" data-element_type=\"container\" data-settings=\"{&quot;animation_mobile&quot;:&quot;fadeInLeft&quot;}\">\n\t\t<div class=\"elementor-element elementor-element-40f123d2 e-flex e-con-boxed elementor-invisible e-con e-child\" data-id=\"40f123d2\" data-element_type=\"container\" data-settings=\"{&quot;animation&quot;:&quot;fadeInRight&quot;}\">\n\t\t\t\t\t<div class=\"e-con-inner\">\n\t\t\t\t<div class=\"elementor-element elementor-element-937d451 elementor-widget__width-initial elementor-widget-divider--view-line elementor-widget elementor-widget-divider\" data-id=\"937d451\" data-element_type=\"widget\" data-widget_type=\"divider.default\">\n\t\t\t\t<div class=\"elementor-widget-container\">\n\t\t\t\t\t\t\t<div class=\"elementor-divider\">\n\t\t\t<span class=\"elementor-divider-separator\">\n\t\t\t\t\t\t<\/span>\n\t\t<\/div>\n\t\t\t\t\t\t<\/div>\n\t\t\t\t<\/div>\n\t\t\t\t<div class=\"elementor-element elementor-element-d601d04 elementor-widget elementor-widget-heading\" data-id=\"d601d04\" data-element_type=\"widget\" data-widget_type=\"heading.default\">\n\t\t\t\t<div class=\"elementor-widget-container\">\n\t\t\t\t\t<h6 class=\"elementor-heading-title elementor-size-default\">Supervision <\/h6>\t\t\t\t<\/div>\n\t\t\t\t<\/div>\n\t\t\t\t\t<\/div>\n\t\t\t\t<\/div>\n\t\t\t\t<div class=\"elementor-element elementor-element-1cb7a4a elementor-widget elementor-widget-text-editor\" data-id=\"1cb7a4a\" data-element_type=\"widget\" data-widget_type=\"text-editor.default\">\n\t\t\t\t<div class=\"elementor-widget-container\">\n\t\t\t\t\t\t\t\t\t<p>Supervision aims to facilitate the professional development of the supervisee, regardless of their level of experience, for the purpose of improving therapy outcomes with their clients (Ellis &amp; Landany).<\/p><p>There are 6 types of supervision.\u00a0<\/p>\t\t\t\t\t\t\t\t<\/div>\n\t\t\t\t<\/div>\n\t\t\t\t<\/div>\n\t\t<div class=\"elementor-element elementor-element-2e1b7ff5 e-con-full elementor-hidden-tablet elementor-hidden-mobile e-flex e-con e-child\" data-id=\"2e1b7ff5\" data-element_type=\"container\" data-settings=\"{&quot;background_background&quot;:&quot;classic&quot;,&quot;animation_mobile&quot;:&quot;fadeInRight&quot;}\">\n\t\t\t\t<\/div>\n\t\t<div class=\"elementor-element elementor-element-9a454f2 e-con-full e-flex e-con e-child\" data-id=\"9a454f2\" data-element_type=\"container\" data-settings=\"{&quot;background_background&quot;:&quot;classic&quot;,&quot;animation_mobile&quot;:&quot;fadeInRight&quot;}\">\n\t\t\t\t<div class=\"elementor-element elementor-element-e688f71 elementor-widget elementor-widget-image\" data-id=\"e688f71\" data-element_type=\"widget\" data-settings=\"{&quot;_animation&quot;:&quot;none&quot;}\" data-widget_type=\"image.default\">\n\t\t\t\t<div class=\"elementor-widget-container\">\n\t\t\t\t\t\t\t\t\t\t\t\t\t\t\t<img fetchpriority=\"high\" decoding=\"async\" width=\"800\" height=\"559\" src=\"https:\/\/traumacenterbelgium.be\/wp-content\/uploads\/2024\/08\/50f1b54e-da3f-41db-9585-b67a4e336a01_rw_1920-1024x716.jpg\" class=\"attachment-large size-large wp-image-314\" alt=\"\" srcset=\"https:\/\/traumacenterbelgium.be\/wp-content\/uploads\/2024\/08\/50f1b54e-da3f-41db-9585-b67a4e336a01_rw_1920-1024x716.jpg 1024w, https:\/\/traumacenterbelgium.be\/wp-content\/uploads\/2024\/08\/50f1b54e-da3f-41db-9585-b67a4e336a01_rw_1920-600x419.jpg 600w, https:\/\/traumacenterbelgium.be\/wp-content\/uploads\/2024\/08\/50f1b54e-da3f-41db-9585-b67a4e336a01_rw_1920-300x210.jpg 300w, https:\/\/traumacenterbelgium.be\/wp-content\/uploads\/2024\/08\/50f1b54e-da3f-41db-9585-b67a4e336a01_rw_1920-768x537.jpg 768w, https:\/\/traumacenterbelgium.be\/wp-content\/uploads\/2024\/08\/50f1b54e-da3f-41db-9585-b67a4e336a01_rw_1920-1536x1074.jpg 1536w, https:\/\/traumacenterbelgium.be\/wp-content\/uploads\/2024\/08\/50f1b54e-da3f-41db-9585-b67a4e336a01_rw_1920.jpg 1920w\" sizes=\"(max-width: 800px) 100vw, 800px\" \/>\t\t\t\t\t\t\t\t\t\t\t\t\t\t\t<\/div>\n\t\t\t\t<\/div>\n\t\t\t\t<\/div>\n\t\t\t\t\t<\/div>\n\t\t\t\t<\/div>\n\t\t<div class=\"elementor-element elementor-element-6b968d6 e-flex e-con-boxed e-con e-parent\" data-id=\"6b968d6\" data-element_type=\"container\">\n\t\t\t\t\t<div class=\"e-con-inner\">\n\t\t\t\t<div class=\"elementor-element elementor-element-100cc4d4 elementor-position-left elementor-widget__width-initial elementor-widget-tablet__width-initial elementor-widget-mobile__width-inherit elementor-view-stacked elementor-shape-square elementor-mobile-position-top elementor-vertical-align-top elementor-widget elementor-widget-icon-box\" data-id=\"100cc4d4\" data-element_type=\"widget\" data-widget_type=\"icon-box.default\">\n\t\t\t\t<div class=\"elementor-widget-container\">\n\t\t\t\t\t\t\t<div class=\"elementor-icon-box-wrapper\">\n\n\t\t\t\t\t\t<div class=\"elementor-icon-box-icon\">\n\t\t\t\t<a href=\"\/en\/therapie\/\" class=\"elementor-icon elementor-animation-grow\" tabindex=\"-1\" aria-label=\"Indidual supervision\">\n\t\t\t\t<i aria-hidden=\"true\" class=\"la la-building-o\"><\/i>\t\t\t\t<\/a>\n\t\t\t<\/div>\n\t\t\t\n\t\t\t\t\t\t<div class=\"elementor-icon-box-content\">\n\n\t\t\t\t\t\t\t\t\t<div class=\"elementor-icon-box-title\">\n\t\t\t\t\t\t<a href=\"\/en\/therapie\/\" >\n\t\t\t\t\t\t\tIndidual supervision\t\t\t\t\t\t<\/a>\n\t\t\t\t\t<\/div>\n\t\t\t\t\n\t\t\t\t\t\t\t\t\t<p class=\"elementor-icon-box-description\">\n\t\t\t\t\t\tIndividual supervision is a one-on-one learning and development process between a supervisee and a supervisor. The purpose of individual supervision is to promote the supervisee's professional growth, self-reflection and skills. During the sessions, the supervisee discusses cases, personal challenges and professional issues from practice. The supervisor provides support, guidance, and focused feedback during these sessions. Individual supervision provides customized support that is tailored to the specific learning needs and professional goals of the supervisee. \t\t\t\t\t<\/p>\n\t\t\t\t\n\t\t\t<\/div>\n\t\t\t\n\t\t<\/div>\n\t\t\t\t\t\t<\/div>\n\t\t\t\t<\/div>\n\t\t\t\t<div class=\"elementor-element elementor-element-50ce12aa elementor-position-left elementor-widget__width-initial elementor-widget-tablet__width-initial elementor-widget-mobile__width-inherit elementor-view-stacked elementor-shape-square elementor-mobile-position-top elementor-vertical-align-top elementor-widget elementor-widget-icon-box\" data-id=\"50ce12aa\" data-element_type=\"widget\" data-widget_type=\"icon-box.default\">\n\t\t\t\t<div class=\"elementor-widget-container\">\n\t\t\t\t\t\t\t<div class=\"elementor-icon-box-wrapper\">\n\n\t\t\t\t\t\t<div class=\"elementor-icon-box-icon\">\n\t\t\t\t<a href=\"\/en\/therapie\/\" class=\"elementor-icon elementor-animation-grow\" tabindex=\"-1\" aria-label=\"Group Supervision\">\n\t\t\t\t<i aria-hidden=\"true\" class=\"icon icon-Money\"><\/i>\t\t\t\t<\/a>\n\t\t\t<\/div>\n\t\t\t\n\t\t\t\t\t\t<div class=\"elementor-icon-box-content\">\n\n\t\t\t\t\t\t\t\t\t<div class=\"elementor-icon-box-title\">\n\t\t\t\t\t\t<a href=\"\/en\/therapie\/\" >\n\t\t\t\t\t\t\tGroup Supervision\t\t\t\t\t\t<\/a>\n\t\t\t\t\t<\/div>\n\t\t\t\t\n\t\t\t\t\t\t\t\t\t<p class=\"elementor-icon-box-description\">\n\t\t\t\t\t\tA group of supervisees meets regularly under the guidance of a designated supervisor. The purpose of these meetings is to monitor and improve the quality of the supervisees' work, as well as to deepen their self-understanding as professionals. In addition, their understanding of the clients they work with and of service delivery more broadly is enhanced. Supervisees are supported in achieving these goals by their supervisor and by the valuable feedback that comes from their interactions with one another.\t\t\t\t\t<\/p>\n\t\t\t\t\n\t\t\t<\/div>\n\t\t\t\n\t\t<\/div>\n\t\t\t\t\t\t<\/div>\n\t\t\t\t<\/div>\n\t\t\t\t\t<\/div>\n\t\t\t\t<\/div>\n\t\t<div class=\"elementor-element elementor-element-96bf455 e-flex e-con-boxed e-con e-parent\" data-id=\"96bf455\" data-element_type=\"container\">\n\t\t\t\t\t<div class=\"e-con-inner\">\n\t\t\t\t<div class=\"elementor-element elementor-element-1482698 elementor-position-left elementor-widget__width-initial elementor-widget-tablet__width-initial elementor-widget-mobile__width-inherit elementor-view-stacked elementor-shape-square elementor-mobile-position-top elementor-vertical-align-top elementor-widget elementor-widget-icon-box\" data-id=\"1482698\" data-element_type=\"widget\" data-widget_type=\"icon-box.default\">\n\t\t\t\t<div class=\"elementor-widget-container\">\n\t\t\t\t\t\t\t<div class=\"elementor-icon-box-wrapper\">\n\n\t\t\t\t\t\t<div class=\"elementor-icon-box-icon\">\n\t\t\t\t<a href=\"\/en\/therapie\/\" class=\"elementor-icon elementor-animation-grow\" tabindex=\"-1\" aria-label=\"Online supervision\">\n\t\t\t\t<i aria-hidden=\"true\" class=\"mdi mdi-message-text-outline\"><\/i>\t\t\t\t<\/a>\n\t\t\t<\/div>\n\t\t\t\n\t\t\t\t\t\t<div class=\"elementor-icon-box-content\">\n\n\t\t\t\t\t\t\t\t\t<div class=\"elementor-icon-box-title\">\n\t\t\t\t\t\t<a href=\"\/en\/therapie\/\" >\n\t\t\t\t\t\t\tOnline supervision\t\t\t\t\t\t<\/a>\n\t\t\t\t\t<\/div>\n\t\t\t\t\n\t\t\t\t\t\t\t\t\t<p class=\"elementor-icon-box-description\">\n\t\t\t\t\t\tIn online supervision, supervision sessions take place through digital means of communication, such as video calling, chat or specialized online platforms. This form of supervision offers the same goals and functions as traditional face-to-face supervision, but uses technology to overcome distance and time barriers.\t\t\t\t\t<\/p>\n\t\t\t\t\n\t\t\t<\/div>\n\t\t\t\n\t\t<\/div>\n\t\t\t\t\t\t<\/div>\n\t\t\t\t<\/div>\n\t\t\t\t<div class=\"elementor-element elementor-element-6f3667b elementor-position-left elementor-widget__width-initial elementor-widget-tablet__width-initial elementor-widget-mobile__width-inherit elementor-view-stacked elementor-shape-square elementor-mobile-position-top elementor-vertical-align-top elementor-widget elementor-widget-icon-box\" data-id=\"6f3667b\" data-element_type=\"widget\" data-widget_type=\"icon-box.default\">\n\t\t\t\t<div class=\"elementor-widget-container\">\n\t\t\t\t\t\t\t<div class=\"elementor-icon-box-wrapper\">\n\n\t\t\t\t\t\t<div class=\"elementor-icon-box-icon\">\n\t\t\t\t<a href=\"\/en\/therapie\/\" class=\"elementor-icon elementor-animation-grow\" tabindex=\"-1\" aria-label=\"Peer supervision\">\n\t\t\t\t<i aria-hidden=\"true\" class=\"mdi mdi-message-cog-outline\"><\/i>\t\t\t\t<\/a>\n\t\t\t<\/div>\n\t\t\t\n\t\t\t\t\t\t<div class=\"elementor-icon-box-content\">\n\n\t\t\t\t\t\t\t\t\t<div class=\"elementor-icon-box-title\">\n\t\t\t\t\t\t<a href=\"\/en\/therapie\/\" >\n\t\t\t\t\t\t\tPeer supervision\t\t\t\t\t\t<\/a>\n\t\t\t\t\t<\/div>\n\t\t\t\t\n\t\t\t\t\t\t\t\t\t<p class=\"elementor-icon-box-description\">\n\t\t\t\t\t\tA structured, equal discussion between colleagues or peers in which real-life experiences, issues and cases are discussed. The goal is joint reflection, learning from each other and finding solutions. There is equal, collegial reflection and case discussion.  Aimed at finding solutions to casuistry or professional dilemmas together from an equal exchange of experiences. \t\t\t\t\t<\/p>\n\t\t\t\t\n\t\t\t<\/div>\n\t\t\t\n\t\t<\/div>\n\t\t\t\t\t\t<\/div>\n\t\t\t\t<\/div>\n\t\t\t\t\t<\/div>\n\t\t\t\t<\/div>\n\t\t<div class=\"elementor-element elementor-element-acdcc18 e-flex e-con-boxed e-con e-parent\" data-id=\"acdcc18\" data-element_type=\"container\">\n\t\t\t\t\t<div class=\"e-con-inner\">\n\t\t\t\t<div class=\"elementor-element elementor-element-8335840 elementor-position-left elementor-widget__width-initial elementor-widget-tablet__width-initial elementor-widget-mobile__width-inherit elementor-view-stacked elementor-shape-square elementor-mobile-position-top elementor-vertical-align-top elementor-widget elementor-widget-icon-box\" data-id=\"8335840\" data-element_type=\"widget\" data-widget_type=\"icon-box.default\">\n\t\t\t\t<div class=\"elementor-widget-container\">\n\t\t\t\t\t\t\t<div class=\"elementor-icon-box-wrapper\">\n\n\t\t\t\t\t\t<div class=\"elementor-icon-box-icon\">\n\t\t\t\t<a href=\"\/en\/therapie\/\" class=\"elementor-icon elementor-animation-grow\" tabindex=\"-1\" aria-label=\"Live supervision\">\n\t\t\t\t<i aria-hidden=\"true\" class=\"mdi mdi-message-text-outline\"><\/i>\t\t\t\t<\/a>\n\t\t\t<\/div>\n\t\t\t\n\t\t\t\t\t\t<div class=\"elementor-icon-box-content\">\n\n\t\t\t\t\t\t\t\t\t<div class=\"elementor-icon-box-title\">\n\t\t\t\t\t\t<a href=\"\/en\/therapie\/\" >\n\t\t\t\t\t\t\tLive supervision\t\t\t\t\t\t<\/a>\n\t\t\t\t\t<\/div>\n\t\t\t\t\n\t\t\t\t\t\t\t\t\t<p class=\"elementor-icon-box-description\">\n\t\t\t\t\t\tIn live supervision, the supervisor is directly present during a session between the therapist and the client. The therapist is in the therapy room and conducts the conversation, while the supervisor observes and, if necessary, intervenes. Research shows that supervisor interventions, as long as they are not too frequent and take place in a collaborative manner within a clearly agreed upon framework beforehand, do not negatively affect the therapeutic process. Nor do such interruptions lead to increased anxiety in the therapist or supervisor (Champe &amp; Klest, 2003).\t\t\t\t\t<\/p>\n\t\t\t\t\n\t\t\t<\/div>\n\t\t\t\n\t\t<\/div>\n\t\t\t\t\t\t<\/div>\n\t\t\t\t<\/div>\n\t\t\t\t<div class=\"elementor-element elementor-element-b782053 elementor-position-left elementor-widget__width-initial elementor-widget-tablet__width-initial elementor-widget-mobile__width-inherit elementor-view-stacked elementor-shape-square elementor-mobile-position-top elementor-vertical-align-top elementor-widget elementor-widget-icon-box\" data-id=\"b782053\" data-element_type=\"widget\" data-widget_type=\"icon-box.default\">\n\t\t\t\t<div class=\"elementor-widget-container\">\n\t\t\t\t\t\t\t<div class=\"elementor-icon-box-wrapper\">\n\n\t\t\t\t\t\t<div class=\"elementor-icon-box-icon\">\n\t\t\t\t<a href=\"\/en\/therapie\/\" class=\"elementor-icon elementor-animation-grow\" tabindex=\"-1\" aria-label=\"Experiential supervision\">\n\t\t\t\t<i aria-hidden=\"true\" class=\"mdi mdi-message-cog-outline\"><\/i>\t\t\t\t<\/a>\n\t\t\t<\/div>\n\t\t\t\n\t\t\t\t\t\t<div class=\"elementor-icon-box-content\">\n\n\t\t\t\t\t\t\t\t\t<div class=\"elementor-icon-box-title\">\n\t\t\t\t\t\t<a href=\"\/en\/therapie\/\" >\n\t\t\t\t\t\t\tExperiential supervision\t\t\t\t\t\t<\/a>\n\t\t\t\t\t<\/div>\n\t\t\t\t\n\t\t\t\t\t\t\t\t\t<p class=\"elementor-icon-box-description\">\n\t\t\t\t\t\tExperiential supervision is an experiential form of supervision that emphasizes direct, personal experience and reflection as the core of the learning process. The supervisee is actively involved in exercises, role plays or other interventions that evoke direct emotions, thoughts and behaviors. This approach allows the supervisee to gain deep insight into both their own professional role and personal processes that may affect their work.<br>\nExperiential supervision is especially effective in professions where the relationship between professional and client is central. It is a powerful method for professionals who want not only to improve their technical skills, but also to gain deeper insight into their own emotional and relational dynamics.\n\t\t\t\t\t<\/p>\n\t\t\t\t\n\t\t\t<\/div>\n\t\t\t\n\t\t<\/div>\n\t\t\t\t\t\t<\/div>\n\t\t\t\t<\/div>\n\t\t\t\t\t<\/div>\n\t\t\t\t<\/div>\n\t\t\t\t<\/div>","protected":false},"excerpt":{"rendered":"<p>Supervision Supervision aims to facilitate the professional development of the supervisee, regardless of their level of experience, for the purpose of improving therapy outcomes with their clients (Ellis &amp; Landany). There are 6 types of supervision.  Indidual supervision Individual supervision is a one-on-one learning and development process between a supervisee and a supervisor. The goal of individual [...]<\/p>","protected":false},"author":1,"featured_media":0,"parent":0,"menu_order":0,"comment_status":"closed","ping_status":"closed","template":"elementor_header_footer","meta":{"_monsterinsights_skip_tracking":false,"_monsterinsights_sitenote_active":false,"_monsterinsights_sitenote_note":"","_monsterinsights_sitenote_category":0,"footnotes":""},"class_list":["post-1100","page","type-page","status-publish","hentry"],"yoast_head":"<!-- This site is optimized with the Yoast SEO plugin v25.1 - https:\/\/yoast.com\/wordpress\/plugins\/seo\/ -->\n<title>Supervisie - Traumacenter Belgium<\/title>\n<meta name=\"robots\" content=\"index, follow, max-snippet:-1, max-image-preview:large, max-video-preview:-1\" \/>\n<link rel=\"canonical\" href=\"https:\/\/traumacenterbelgium.be\/en\/supervisie\/\" \/>\n<meta property=\"og:locale\" content=\"en_US\" \/>\n<meta property=\"og:type\" content=\"article\" \/>\n<meta property=\"og:title\" content=\"Supervisie - Traumacenter Belgium\" \/>\n<meta property=\"og:description\" content=\"Supervisie Supervisie heeft als doel de professionele ontwikkeling van de supervisee te faciliteren, ongeacht hun ervaringsniveau, met het oog op het verbeteren van therapieresultaten bij hun cli\u00ebnten (Ellis &amp; Landany). Er bestaan 6 soorten supervisie.\u00a0 Indiduele supervisie Individuele supervisie is een \u00e9\u00e9n-op-\u00e9\u00e9n leer- en ontwikkelingsproces tussen een supervisee en een supervisor. Het doel van individuele [&hellip;]\" \/>\n<meta property=\"og:url\" content=\"https:\/\/traumacenterbelgium.be\/en\/supervisie\/\" \/>\n<meta property=\"og:site_name\" content=\"Traumacenter Belgium\" \/>\n<meta property=\"article:modified_time\" content=\"2025-01-24T09:46:46+00:00\" \/>\n<meta property=\"og:image\" content=\"https:\/\/traumacenterbelgium.be\/wp-content\/uploads\/2024\/08\/50f1b54e-da3f-41db-9585-b67a4e336a01_rw_1920.jpg\" \/>\n\t<meta property=\"og:image:width\" content=\"1920\" \/>\n\t<meta property=\"og:image:height\" content=\"1342\" \/>\n\t<meta property=\"og:image:type\" content=\"image\/jpeg\" \/>\n<meta name=\"twitter:card\" content=\"summary_large_image\" \/>\n<meta name=\"twitter:label1\" content=\"Est. reading time\" \/>\n\t<meta name=\"twitter:data1\" content=\"3 minutes\" \/>\n<script type=\"application\/ld+json\" class=\"yoast-schema-graph\">{\"@context\":\"https:\/\/schema.org\",\"@graph\":[{\"@type\":\"WebPage\",\"@id\":\"https:\/\/traumacenterbelgium.be\/fr\/supervisie\/\",\"url\":\"https:\/\/traumacenterbelgium.be\/fr\/supervisie\/\",\"name\":\"Supervisie - Traumacenter Belgium\",\"isPartOf\":{\"@id\":\"https:\/\/traumacenterbelgium.be\/fr\/#website\"},\"primaryImageOfPage\":{\"@id\":\"https:\/\/traumacenterbelgium.be\/fr\/supervisie\/#primaryimage\"},\"image\":{\"@id\":\"https:\/\/traumacenterbelgium.be\/fr\/supervisie\/#primaryimage\"},\"thumbnailUrl\":\"https:\/\/traumacenterbelgium.be\/wp-content\/uploads\/2024\/08\/50f1b54e-da3f-41db-9585-b67a4e336a01_rw_1920-1024x716.jpg\",\"datePublished\":\"2025-01-13T15:20:49+00:00\",\"dateModified\":\"2025-01-24T09:46:46+00:00\",\"breadcrumb\":{\"@id\":\"https:\/\/traumacenterbelgium.be\/fr\/supervisie\/#breadcrumb\"},\"inLanguage\":\"en-US\",\"potentialAction\":[{\"@type\":\"ReadAction\",\"target\":[\"https:\/\/traumacenterbelgium.be\/fr\/supervisie\/\"]}]},{\"@type\":\"ImageObject\",\"inLanguage\":\"en-US\",\"@id\":\"https:\/\/traumacenterbelgium.be\/fr\/supervisie\/#primaryimage\",\"url\":\"https:\/\/traumacenterbelgium.be\/wp-content\/uploads\/2024\/08\/50f1b54e-da3f-41db-9585-b67a4e336a01_rw_1920-1024x716.jpg\",\"contentUrl\":\"https:\/\/traumacenterbelgium.be\/wp-content\/uploads\/2024\/08\/50f1b54e-da3f-41db-9585-b67a4e336a01_rw_1920-1024x716.jpg\"},{\"@type\":\"BreadcrumbList\",\"@id\":\"https:\/\/traumacenterbelgium.be\/fr\/supervisie\/#breadcrumb\",\"itemListElement\":[{\"@type\":\"ListItem\",\"position\":1,\"name\":\"Home\",\"item\":\"https:\/\/traumacenterbelgium.be\/\"},{\"@type\":\"ListItem\",\"position\":2,\"name\":\"Supervisie\"}]},{\"@type\":\"WebSite\",\"@id\":\"https:\/\/traumacenterbelgium.be\/fr\/#website\",\"url\":\"https:\/\/traumacenterbelgium.be\/fr\/\",\"name\":\"Traumacenter Belgium\",\"description\":\"Traumacentrum Belgi\u00eb\",\"potentialAction\":[{\"@type\":\"SearchAction\",\"target\":{\"@type\":\"EntryPoint\",\"urlTemplate\":\"https:\/\/traumacenterbelgium.be\/fr\/?s={search_term_string}\"},\"query-input\":{\"@type\":\"PropertyValueSpecification\",\"valueRequired\":true,\"valueName\":\"search_term_string\"}}],\"inLanguage\":\"en-US\"}]}<\/script>\n<!-- \/ Yoast SEO plugin. -->","yoast_head_json":{"title":"Supervisie - Traumacenter Belgium","robots":{"index":"index","follow":"follow","max-snippet":"max-snippet:-1","max-image-preview":"max-image-preview:large","max-video-preview":"max-video-preview:-1"},"canonical":"https:\/\/traumacenterbelgium.be\/en\/supervisie\/","og_locale":"en_US","og_type":"article","og_title":"Supervisie - Traumacenter Belgium","og_description":"Supervisie Supervisie heeft als doel de professionele ontwikkeling van de supervisee te faciliteren, ongeacht hun ervaringsniveau, met het oog op het verbeteren van therapieresultaten bij hun cli\u00ebnten (Ellis &amp; Landany). Er bestaan 6 soorten supervisie.\u00a0 Indiduele supervisie Individuele supervisie is een \u00e9\u00e9n-op-\u00e9\u00e9n leer- en ontwikkelingsproces tussen een supervisee en een supervisor. Het doel van individuele [&hellip;]","og_url":"https:\/\/traumacenterbelgium.be\/en\/supervisie\/","og_site_name":"Traumacenter Belgium","article_modified_time":"2025-01-24T09:46:46+00:00","og_image":[{"width":1920,"height":1342,"url":"https:\/\/traumacenterbelgium.be\/wp-content\/uploads\/2024\/08\/50f1b54e-da3f-41db-9585-b67a4e336a01_rw_1920.jpg","type":"image\/jpeg"}],"twitter_card":"summary_large_image","twitter_misc":{"Est. reading time":"3 minutes"},"schema":{"@context":"https:\/\/schema.org","@graph":[{"@type":"WebPage","@id":"https:\/\/traumacenterbelgium.be\/fr\/supervisie\/","url":"https:\/\/traumacenterbelgium.be\/fr\/supervisie\/","name":"Supervisie - Traumacenter Belgium","isPartOf":{"@id":"https:\/\/traumacenterbelgium.be\/fr\/#website"},"primaryImageOfPage":{"@id":"https:\/\/traumacenterbelgium.be\/fr\/supervisie\/#primaryimage"},"image":{"@id":"https:\/\/traumacenterbelgium.be\/fr\/supervisie\/#primaryimage"},"thumbnailUrl":"https:\/\/traumacenterbelgium.be\/wp-content\/uploads\/2024\/08\/50f1b54e-da3f-41db-9585-b67a4e336a01_rw_1920-1024x716.jpg","datePublished":"2025-01-13T15:20:49+00:00","dateModified":"2025-01-24T09:46:46+00:00","breadcrumb":{"@id":"https:\/\/traumacenterbelgium.be\/fr\/supervisie\/#breadcrumb"},"inLanguage":"en-US","potentialAction":[{"@type":"ReadAction","target":["https:\/\/traumacenterbelgium.be\/fr\/supervisie\/"]}]},{"@type":"ImageObject","inLanguage":"en-US","@id":"https:\/\/traumacenterbelgium.be\/fr\/supervisie\/#primaryimage","url":"https:\/\/traumacenterbelgium.be\/wp-content\/uploads\/2024\/08\/50f1b54e-da3f-41db-9585-b67a4e336a01_rw_1920-1024x716.jpg","contentUrl":"https:\/\/traumacenterbelgium.be\/wp-content\/uploads\/2024\/08\/50f1b54e-da3f-41db-9585-b67a4e336a01_rw_1920-1024x716.jpg"},{"@type":"BreadcrumbList","@id":"https:\/\/traumacenterbelgium.be\/fr\/supervisie\/#breadcrumb","itemListElement":[{"@type":"ListItem","position":1,"name":"Home","item":"https:\/\/traumacenterbelgium.be\/"},{"@type":"ListItem","position":2,"name":"Supervisie"}]},{"@type":"WebSite","@id":"https:\/\/traumacenterbelgium.be\/fr\/#website","url":"https:\/\/traumacenterbelgium.be\/fr\/","name":"Traumacenter Belgium","description":"Traumacentrum Belgi\u00eb","potentialAction":[{"@type":"SearchAction","target":{"@type":"EntryPoint","urlTemplate":"https:\/\/traumacenterbelgium.be\/fr\/?s={search_term_string}"},"query-input":{"@type":"PropertyValueSpecification","valueRequired":true,"valueName":"search_term_string"}}],"inLanguage":"en-US"}]}},"_links":{"self":[{"href":"https:\/\/traumacenterbelgium.be\/en\/wp-json\/wp\/v2\/pages\/1100","targetHints":{"allow":["GET"]}}],"collection":[{"href":"https:\/\/traumacenterbelgium.be\/en\/wp-json\/wp\/v2\/pages"}],"about":[{"href":"https:\/\/traumacenterbelgium.be\/en\/wp-json\/wp\/v2\/types\/page"}],"author":[{"embeddable":true,"href":"https:\/\/traumacenterbelgium.be\/en\/wp-json\/wp\/v2\/users\/1"}],"replies":[{"embeddable":true,"href":"https:\/\/traumacenterbelgium.be\/en\/wp-json\/wp\/v2\/comments?post=1100"}],"version-history":[{"count":1,"href":"https:\/\/traumacenterbelgium.be\/en\/wp-json\/wp\/v2\/pages\/1100\/revisions"}],"predecessor-version":[{"id":1550,"href":"https:\/\/traumacenterbelgium.be\/en\/wp-json\/wp\/v2\/pages\/1100\/revisions\/1550"}],"wp:attachment":[{"href":"https:\/\/traumacenterbelgium.be\/en\/wp-json\/wp\/v2\/media?parent=1100"}],"curies":[{"name":"wp","href":"https:\/\/api.w.org\/{rel}","templated":true}]}}